{"id":15,"date":"2010-09-28T17:03:55","date_gmt":"2010-09-28T17:03:55","guid":{"rendered":"http:\/\/www.taoroconsultores.com\/?page_id=15"},"modified":"2021-04-19T08:32:49","modified_gmt":"2021-04-19T08:32:49","slug":"servicios","status":"publish","type":"page","link":"https:\/\/taoroconsultores.com\/?page_id=15","title":{"rendered":"Servicios"},"content":{"rendered":"<div class=\"et_d4_element et_pb_section et_pb_section_0  et_pb_css_mix_blend_mode et_section_regular et_block_section\" >\n\t\t\t\t\n\t\t\t\t\n\t\t\t\t\n\t\t\t\t\n\t\t\t\t\n\t\t\t\t\n\t\t\t\t<div class=\"et_d4_element et_pb_row et_pb_row_0  et_pb_css_mix_blend_mode et_block_row\">\n\t\t\t\t<div class=\"et_d4_element et_pb_column_4_4 et_pb_column et_pb_column_0  et_pb_css_mix_blend_mode et-last-child et_block_column\">\n\t\t\t\t\n\t\t\t\t\n\t\t\t\t\n\t\t\t\t\n\t\t\t\t<div class=\"et_pb_module et_d4_element dsm_image_accordion dsm_image_accordion_0 dsm_image_accordion_animation_fade_in dsm_image_accordion_animation_sequence_on\">\n\t\t\t\t\n\t\t\t\t\n\t\t\t\t\n\t\t\t\t\n\t\t\t\t\n\t\t\t\t\n\t\t\t\t<div class=\"et_pb_module_inner\">\n\t\t\t\t\t<div class=\"dsm_image_accordion_wrapper dsm_image_accordion_trigger_on_hover\">\n                <p><div class=\"et_pb_module et_d4_element dsm_image_accordion_child dsm_image_accordion_child_0 et_clickable dsm_image_accordion_horizontal_center dsm_image_accordion_vertical_center \">\n\t\t\t\t\n\t\t\t\t\n\t\t\t\t\n\t\t\t\t\n\t\t\t\t\n\t\t\t\t\n\t\t\t\t<div class=\"et_pb_module_inner\">\n\t\t\t\t\t<div class=\"dsm_image_accordion_child_content\">\n\t\t\t\t\n\t\t\t\t<h3 class=\"dsm_image_accordion_title\">Asesor\u00eda Fiscal<\/h3>\n\t\t\t\t<div class=\"dsm_image_accordion_description\">Especializados en la prestaci\u00f3n de servicios de asesoramiento y en la implantaci\u00f3n de soporte para empresas<\/div>\n\t\t\t\t\n\t\t\t<\/div>\n\t\t\t\t<\/div>\n\t\t\t<\/div><div class=\"et_pb_module et_d4_element dsm_image_accordion_child dsm_image_accordion_child_1 et_clickable dsm_image_accordion_horizontal_center dsm_image_accordion_vertical_center \">\n\t\t\t\t\n\t\t\t\t\n\t\t\t\t\n\t\t\t\t\n\t\t\t\t\n\t\t\t\t\n\t\t\t\t<div class=\"et_pb_module_inner\">\n\t\t\t\t\t<div class=\"dsm_image_accordion_child_content\">\n\t\t\t\t\n\t\t\t\t<h3 class=\"dsm_image_accordion_title\">Asesor\u00eda Laboral<\/h3>\n\t\t\t\t<div class=\"dsm_image_accordion_description\">La seguridad y la tranquilidad de tener una asesor\u00eda laboral con amplia experiencia en contratos de trabajo<\/div>\n\t\t\t\t\n\t\t\t<\/div>\n\t\t\t\t<\/div>\n\t\t\t<\/div><div class=\"et_pb_module et_d4_element dsm_image_accordion_child dsm_image_accordion_child_2 et_clickable dsm_image_accordion_horizontal_center dsm_image_accordion_vertical_center \">\n\t\t\t\t\n\t\t\t\t\n\t\t\t\t\n\t\t\t\t\n\t\t\t\t\n\t\t\t\t\n\t\t\t\t<div class=\"et_pb_module_inner\">\n\t\t\t\t\t<div class=\"dsm_image_accordion_child_content\">\n\t\t\t\t\n\t\t\t\t<h3 class=\"dsm_image_accordion_title\">Asesor\u00eda Contable<\/h3>\n\t\t\t\t<div class=\"dsm_image_accordion_description\">La contabilidad no s\u00f3lo como obligaci\u00f3n legal, sino como una herramienta indispensable en la gesti\u00f3n de su empresa<\/div>\n\t\t\t\t\n\t\t\t<\/div>\n\t\t\t\t<\/div>\n\t\t\t<\/div><div class=\"et_pb_module et_d4_element dsm_image_accordion_child dsm_image_accordion_child_3 et_clickable dsm_image_accordion_horizontal_center dsm_image_accordion_vertical_center \">\n\t\t\t\t\n\t\t\t\t\n\t\t\t\t\n\t\t\t\t\n\t\t\t\t\n\t\t\t\t\n\t\t\t\t<div class=\"et_pb_module_inner\">\n\t\t\t\t\t<div class=\"dsm_image_accordion_child_content\">\n\t\t\t\t\n\t\t\t\t<h3 class=\"dsm_image_accordion_title\">Administraci\u00f3n de Fincas<\/h3>\n\t\t\t\t<div class=\"dsm_image_accordion_description\">Gesti\u00f3n integral a comunidades de propietarios poniendo a disposici\u00f3n de todos los propietarios nuestro experimentado equipo humano<\/div>\n\t\t\t\t\n\t\t\t<\/div>\n\t\t\t\t<\/div>\n\t\t\t<\/div><\/p>\n\n            <\/div>\n\t\t\t\t<\/div>\n\t\t\t<\/div>\n\t\t\t<\/div>\n\t\t\t\t\n\t\t\t\t\n\t\t\t\t\n\t\t\t\t\n\t\t\t<\/div><div class=\"et_d4_element et_pb_row et_pb_row_1  et_pb_css_mix_blend_mode et_block_row\">\n\t\t\t\t<div class=\"et_d4_element et_pb_column_1_2 et_pb_column et_pb_column_1  et_pb_css_mix_blend_mode et_block_column\">\n\t\t\t\t\n\t\t\t\t\n\t\t\t\t\n\t\t\t\t\n\t\t\t\t<div class=\"et_pb_module et_d4_element et_pb_text et_pb_text_0  et_pb_text_align_left et_pb_bg_layout_light\">\n\t\t\t\t\n\t\t\t\t\n\t\t\t\t\n\t\t\t\t\n\t\t\t\t<div class=\"et_pb_text_inner\"><p>Nuestro lema es \u00abatenci\u00f3n personalizada, acompa\u00f1amiento y calidad\u00bb, valores que tienen en nuestro trabajo diario la m\u00e1xima importancia.<\/p><\/div>\n\t\t\t<\/div>\n\t\t\t<\/div><div class=\"et_d4_element et_pb_column_1_2 et_pb_column et_pb_column_2  et_pb_css_mix_blend_mode et-last-child et_block_column\">\n\t\t\t\t\n\t\t\t\t\n\t\t\t\t\n\t\t\t\t\n\t\t\t\t<div class=\"et_pb_module et_d4_element et_pb_text et_pb_text_1  et_pb_text_align_left et_pb_bg_layout_light\">\n\t\t\t\t\n\t\t\t\t\n\t\t\t\t\n\t\t\t\t\n\t\t\t\t<div class=\"et_pb_text_inner\">Entendemos\u00a0la actual situaci\u00f3n de crisis econ\u00f3mica como un escenario de oportunidades donde podemos actuar cooperando con nuestros clientes para encontrar en los acontecimientos dif\u00edciles la mejor soluci\u00f3n, proponiendo alternativas viables y realistas.<\/div>\n\t\t\t<\/div>\n\t\t\t<\/div>\n\t\t\t\t\n\t\t\t\t\n\t\t\t\t\n\t\t\t\t\n\t\t\t<\/div>\n\t\t\t\t\n\t\t\t\t\n\t\t\t<\/div>\n","protected":false},"excerpt":{"rendered":"","protected":false},"author":2,"featured_media":896,"parent":0,"menu_order":2,"comment_status":"closed","ping_status":"closed","template":"","meta":{"_et_pb_use_builder":"on","_et_pb_old_content":"<img class=\"alignnone size-full wp-image-316\" alt=\"TaoroConsultores-960-8\" src=\"https:\/\/taoroconsultores.com\/wp-content\/uploads\/2013\/05\/TaoroConsultores-960-8.jpg\" width=\"960\" height=\"300\" \/>\r\n\r\nNuestro lema es \"atenci\u00f3n personalizada, acompa\u00f1amiento y calidad\", valores que tienen en nuestro trabajo diario la m\u00e1xima importancia.\r\n\r\nEntendemos\u00a0la actual situaci\u00f3n de crisis econ\u00f3mica como un escenario de oportunidades donde podemos actuar cooperando con nuestros clientes para encontrar en los acontecimientos dif\u00edciles la mejor soluci\u00f3n, proponiendo alternativas viables y realistas.\r\n<ul>\r\n\t<li><a href=\"https:\/\/taoroconsultores.com\/?page_id=397\">Asesor\u00eda Fiscal<\/a><\/li>\r\n\t<li><a href=\"https:\/\/taoroconsultores.com\/?page_id=21\">Asesor\u00eda Laboral<\/a><\/li>\r\n\t<li><a href=\"https:\/\/taoroconsultores.com\/?page_id=17\">Asesor\u00eda Contable<\/a><\/li>\r\n\t<li><a href=\"https:\/\/taoroconsultores.com\/?page_id=26\">Administraci\u00f3n de Fincas<\/a><\/li>\r\n<\/ul>","_et_gb_content_width":"","footnotes":""},"class_list":["post-15","page","type-page","status-publish","has-post-thumbnail","hentry"],"aioseo_notices":[],"_links":{"self":[{"href":"https:\/\/taoroconsultores.com\/index.php?rest_route=\/wp\/v2\/pages\/15","targetHints":{"allow":["GET"]}}],"collection":[{"href":"https:\/\/taoroconsultores.com\/index.php?rest_route=\/wp\/v2\/pages"}],"about":[{"href":"https:\/\/taoroconsultores.com\/index.php?rest_route=\/wp\/v2\/types\/page"}],"author":[{"embeddable":true,"href":"https:\/\/taoroconsultores.com\/index.php?rest_route=\/wp\/v2\/users\/2"}],"replies":[{"embeddable":true,"href":"https:\/\/taoroconsultores.com\/index.php?rest_route=%2Fwp%2Fv2%2Fcomments&post=15"}],"version-history":[{"count":5,"href":"https:\/\/taoroconsultores.com\/index.php?rest_route=\/wp\/v2\/pages\/15\/revisions"}],"predecessor-version":[{"id":1047,"href":"https:\/\/taoroconsultores.com\/index.php?rest_route=\/wp\/v2\/pages\/15\/revisions\/1047"}],"wp:featuredmedia":[{"embeddable":true,"href":"https:\/\/taoroconsultores.com\/index.php?rest_route=\/wp\/v2\/media\/896"}],"wp:attachment":[{"href":"https:\/\/taoroconsultores.com\/index.php?rest_route=%2Fwp%2Fv2%2Fmedia&parent=15"}],"curies":[{"name":"wp","href":"https:\/\/api.w.org\/{rel}","templated":true}]}}