{"id":17,"date":"2010-09-28T17:05:13","date_gmt":"2010-09-28T17:05:13","guid":{"rendered":"http:\/\/www.taoroconsultores.com\/?page_id=17"},"modified":"2021-05-06T10:48:17","modified_gmt":"2021-05-06T10:48:17","slug":"contabilidad","status":"publish","type":"page","link":"https:\/\/taoroconsultores.com\/?page_id=17","title":{"rendered":"Asesor\u00eda Contable"},"content":{"rendered":"<div class=\"et_d4_element et_pb_section et_pb_section_0  et_pb_css_mix_blend_mode et_section_regular et_block_section\" >\n\t\t\t\t\n\t\t\t\t\n\t\t\t\t\n\t\t\t\t\n\t\t\t\t\n\t\t\t\t\n\t\t\t\t<div class=\"et_d4_element et_pb_row et_pb_row_0  et_pb_css_mix_blend_mode et_block_row\">\n\t\t\t\t<div class=\"et_d4_element et_pb_column_1_2 et_pb_column et_pb_column_0  et_pb_css_mix_blend_mode et_block_column\">\n\t\t\t\t\n\t\t\t\t\n\t\t\t\t\n\t\t\t\t\n\t\t\t\t<div class=\"et_pb_module et_d4_element et_pb_text et_pb_text_0  et_pb_text_align_justified et_pb_bg_layout_light\">\n\t\t\t\t\n\t\t\t\t\n\t\t\t\t\n\t\t\t\t\n\t\t\t\t<div class=\"et_pb_text_inner\"><p>Con el paso de los a\u00f1os nos hemos especializado en la prestaci\u00f3n\u00a0de un servicio de <strong>asesoramiento<\/strong> en la implantaci\u00f3n de <strong>soportes contables<\/strong> en aquellas empresas que dispongan de personal administrativo, impartiendo la<strong> formaci\u00f3n<\/strong> necesaria y estando a su disposici\u00f3n para <strong>resolver dudas<\/strong> de manera continuada, con excelentes resultados.<\/p>\n<p>Tambi\u00e9n ofrecemos a las empresas que no dispongan de personal administrativo la llevanza de su<strong> contabilidad<\/strong> y elaboraci\u00f3n de <strong>estados financieros<\/strong>, realizando peri\u00f3dicamente un an\u00e1lisis gr\u00e1fico de la <strong>evoluci\u00f3n de su empresa<\/strong> y ense\u00f1ando de forma sencilla a entender las diferentes partidas que afectan a su empresa.<\/p><\/div>\n\t\t\t<\/div>\n\t\t\t<\/div><div class=\"et_d4_element et_pb_column_1_2 et_pb_column et_pb_column_1  et_pb_css_mix_blend_mode et-last-child et_block_column\">\n\t\t\t\t\n\t\t\t\t\n\t\t\t\t\n\t\t\t\t\n\t\t\t\t<div class=\"et_pb_module et_d4_element et_pb_text et_pb_text_1  et_pb_text_align_justified et_pb_bg_layout_light\">\n\t\t\t\t\n\t\t\t\t\n\t\t\t\t\n\t\t\t\t\n\t\t\t\t<div class=\"et_pb_text_inner\"><p>Pretendemos que la <strong>contabilidad<\/strong> sea para usted no solo una obligaci\u00f3n legal, sino una <strong>herramienta de gesti\u00f3n<\/strong> de su empresa para facilitar la toma de decisiones, tanto en inversiones\u00a0como en el <strong>an\u00e1lisis<\/strong> de sus necesidades de<strong> financiaci\u00f3n<\/strong>.<\/p>\n<p>Entre otros, nuestros servicios contables son:<\/p>\n<p>&nbsp;<\/p>\n<ul>\n<li>Implantaci\u00f3n de soportes contables y formaci\u00f3n del personal administrativo.<\/li>\n<li>Asesoramiento contable continuado.<\/li>\n<li>Elaboraci\u00f3n de contabilidades normales y simplificadas.<\/li>\n<li>Elaboraci\u00f3n de Estados Financieros (Balances y Cuentas de P\u00e9rdidas y Ganancias).<\/li>\n<li>Auditor\u00edas internas.<\/li>\n<li>Elaboraci\u00f3n y presentaci\u00f3n ante el Registro Mercantil de los libros contables.<\/li>\n<li>Elaboraci\u00f3n y presentaci\u00f3n de todo tipo de impuestos.<\/li>\n<\/ul><\/div>\n\t\t\t<\/div>\n\t\t\t<\/div>\n\t\t\t\t\n\t\t\t\t\n\t\t\t\t\n\t\t\t\t\n\t\t\t<\/div>\n\t\t\t\t\n\t\t\t\t\n\t\t\t<\/div>\n","protected":false},"excerpt":{"rendered":"","protected":false},"author":2,"featured_media":891,"parent":15,"menu_order":3,"comment_status":"closed","ping_status":"closed","template":"","meta":{"_et_pb_use_builder":"on","_et_pb_old_content":"<img class=\"alignnone size-full wp-image-314\" alt=\"TaoroConsultores-960-7\" src=\"https:\/\/taoroconsultores.com\/wp-content\/uploads\/2013\/05\/TaoroConsultores-960-7.jpg\" width=\"960\" height=\"300\" \/>\r\n\r\nCon el paso de los a\u00f1os, nos hemos especializado en la prestaci\u00f3n\u00a0de un servicio de asesoramiento en la implantaci\u00f3n de soportes contables en aquellas empresas que dispongan de personal administrativo, form\u00e1ndolo y asesor\u00e1ndolo de manera continuada, con excelentes resultados.\r\n\r\nOfrecemos a las empresas que no dispongan de personal administrativo la llevanza de su contabilidad y elaboraci\u00f3n de estados financieros, realizando peri\u00f3dicamente un an\u00e1lisis gr\u00e1fico de la evoluci\u00f3n de su empresa y ense\u00f1ando de forma sencilla a entender las diferentes partidas que afectan a su empresa.\r\n\r\nPretendemos que la contabilidad sea para usted no s\u00f3lo una obligaci\u00f3n legal, sino una herramienta de gesti\u00f3n de su empresa. para facilitar la toma de decisiones tanto en inversiones\u00a0como en el an\u00e1lisis de necesidades de financiaci\u00f3n, entre otros, nuestros servicios contables son:\r\n<ul>\r\n\t<li>Implantaci\u00f3n de soportes contables y formaci\u00f3n del personal administrativo<\/li>\r\n\t<li>Asesoramiento contable continuado<\/li>\r\n\t<li>Elaboraci\u00f3n de contabilidades normales y simplificadas<\/li>\r\n\t<li>Elaboraci\u00f3n de Estados Financieros (Balances y Cuentas de P\u00e9rdidas y Ganancias)<\/li>\r\n\t<li>Auditor\u00edas internas<\/li>\r\n\t<li>Elaboraci\u00f3n y presentaci\u00f3n ante el Registro Mercantil de los libros contables<\/li>\r\n\t<li>Elaboraci\u00f3n y presentaci\u00f3n de todo tipo de impuestos.<\/li>\r\n<\/ul>","_et_gb_content_width":"","footnotes":""},"class_list":["post-17","page","type-page","status-publish","has-post-thumbnail","hentry"],"aioseo_notices":[],"_links":{"self":[{"href":"https:\/\/taoroconsultores.com\/index.php?rest_route=\/wp\/v2\/pages\/17","targetHints":{"allow":["GET"]}}],"collection":[{"href":"https:\/\/taoroconsultores.com\/index.php?rest_route=\/wp\/v2\/pages"}],"about":[{"href":"https:\/\/taoroconsultores.com\/index.php?rest_route=\/wp\/v2\/types\/page"}],"author":[{"embeddable":true,"href":"https:\/\/taoroconsultores.com\/index.php?rest_route=\/wp\/v2\/users\/2"}],"replies":[{"embeddable":true,"href":"https:\/\/taoroconsultores.com\/index.php?rest_route=%2Fwp%2Fv2%2Fcomments&post=17"}],"version-history":[{"count":5,"href":"https:\/\/taoroconsultores.com\/index.php?rest_route=\/wp\/v2\/pages\/17\/revisions"}],"predecessor-version":[{"id":1136,"href":"https:\/\/taoroconsultores.com\/index.php?rest_route=\/wp\/v2\/pages\/17\/revisions\/1136"}],"up":[{"embeddable":true,"href":"https:\/\/taoroconsultores.com\/index.php?rest_route=\/wp\/v2\/pages\/15"}],"wp:featuredmedia":[{"embeddable":true,"href":"https:\/\/taoroconsultores.com\/index.php?rest_route=\/wp\/v2\/media\/891"}],"wp:attachment":[{"href":"https:\/\/taoroconsultores.com\/index.php?rest_route=%2Fwp%2Fv2%2Fmedia&parent=17"}],"curies":[{"name":"wp","href":"https:\/\/api.w.org\/{rel}","templated":true}]}}