{"id":21,"date":"2010-09-28T17:05:54","date_gmt":"2010-09-28T17:05:54","guid":{"rendered":"http:\/\/www.taoroconsultores.com\/?page_id=21"},"modified":"2021-05-06T10:45:08","modified_gmt":"2021-05-06T10:45:08","slug":"laboral","status":"publish","type":"page","link":"https:\/\/taoroconsultores.com\/?page_id=21","title":{"rendered":"Asesor\u00eda Laboral"},"content":{"rendered":"<div class=\"et_d4_element et_pb_section et_pb_section_0  et_pb_css_mix_blend_mode et_section_regular et_block_section\" >\n\t\t\t\t\n\t\t\t\t\n\t\t\t\t\n\t\t\t\t\n\t\t\t\t\n\t\t\t\t\n\t\t\t\t<div class=\"et_d4_element et_pb_row et_pb_row_0  et_pb_css_mix_blend_mode et_block_row\">\n\t\t\t\t<div class=\"et_d4_element et_pb_column_1_2 et_pb_column et_pb_column_0  et_pb_css_mix_blend_mode et_block_column\">\n\t\t\t\t\n\t\t\t\t\n\t\t\t\t\n\t\t\t\t\n\t\t\t\t<div class=\"et_pb_module et_d4_element et_pb_text et_pb_text_0  et_pb_text_align_justified et_pb_bg_layout_light\">\n\t\t\t\t\n\t\t\t\t\n\t\t\t\t\n\t\t\t\t\n\t\t\t\t<div class=\"et_pb_text_inner\"><p>El departamento laboral de <strong>Taoro Consultores<\/strong> le proporciona la seguridad y la tranquilidad de tener\u00a0una asesor\u00eda laboral con amplia experiencia en la confecci\u00f3n de los <strong>contratos de trabajo<\/strong>, realizando el planteamiento de la mejor opci\u00f3n contractual a realizar, estudiando las distintas modalidades y posibles <strong>subvenciones<\/strong> y <strong>bonificaciones<\/strong>; preavisos de la finalizaci\u00f3n de los mismos,\u00a0aplicaci\u00f3n y actualizaci\u00f3n de convenios y normas laborales, elaboraci\u00f3n de <strong>n\u00f3minas<\/strong>, <strong>liquidaciones<\/strong> y <strong>finiquitos<\/strong>. Tramitamos y preparamos los boletines de cotizaci\u00f3n a la <strong>Seguridad Social<\/strong>, las altas, bajas, variaciones de datos de trabajadores. Nos encargamos de gestionar y tramitar los partes de <strong>alta<\/strong> y <strong>baja m\u00e9dica<\/strong> de <strong>AT<\/strong> y <strong>EP<\/strong>, as\u00ed como los partes de confirmaci\u00f3n.<\/p><\/div>\n\t\t\t<\/div>\n\t\t\t<\/div><div class=\"et_d4_element et_pb_column_1_2 et_pb_column et_pb_column_1  et_pb_css_mix_blend_mode et-last-child et_block_column\">\n\t\t\t\t\n\t\t\t\t\n\t\t\t\t\n\t\t\t\t\n\t\t\t\t<div class=\"et_pb_module et_d4_element et_pb_text et_pb_text_1  et_pb_text_align_justified et_pb_bg_layout_light\">\n\t\t\t\t\n\t\t\t\t\n\t\t\t\t\n\t\t\t\t\n\t\t\t\t<div class=\"et_pb_text_inner\"><p>Realizamos las declaraciones trimestrales de <strong>IRPF<\/strong>, el mod. <strong>111<\/strong> y la <strong>declaraci\u00f3n anual<\/strong>, el mod. <strong>190<\/strong>,\u00a0certificados de retenciones y comunicaci\u00f3n de datos al pagador.<\/p>\n<p>En situaciones de <strong>Inspecciones de Trabajo<\/strong>, representaci\u00f3n en actos de <strong>conciliaci\u00f3n<\/strong> en el SMAC y procedimientos<strong> judiciales\u00a0<\/strong>le prestamos\u00a0\u00a0la <strong>asesor\u00eda jur\u00eddica laboral<\/strong>, de especial importancia en la asistencia, defensa y contestaci\u00f3n a requerimientos y recursos,\u00a0<\/p>\n<p>Adem\u00e1s realizamos otros tr\u00e1mites como son los certificados de vida laboral, certificados de estar al corriente de pago de las obligaciones tributarias, tr\u00e1mites en recaudaci\u00f3n y solicitud de aplazamientos, contratos y retribuciones a directivos.<\/p><\/div>\n\t\t\t<\/div>\n\t\t\t<\/div>\n\t\t\t\t\n\t\t\t\t\n\t\t\t\t\n\t\t\t\t\n\t\t\t<\/div>\n\t\t\t\t\n\t\t\t\t\n\t\t\t<\/div>\n","protected":false},"excerpt":{"rendered":"","protected":false},"author":2,"featured_media":893,"parent":15,"menu_order":1,"comment_status":"closed","ping_status":"closed","template":"","meta":{"_et_pb_use_builder":"on","_et_pb_old_content":"<img class=\"alignnone size-full wp-image-390\" alt=\"TaoroConsultores-960-13\" src=\"https:\/\/taoroconsultores.com\/wp-content\/uploads\/2010\/09\/TaoroConsultores-960-13.jpg\" width=\"960\" height=\"300\" \/>\r\n\r\nEl departamento laboral de Taoro Consultores le proporciona la seguridad y la tranquilidad de tener\u00a0una asesor\u00eda laboral con amplia experiencia en\u00a0confecci\u00f3n de los contratos de trabajo, realizando el planteamiento de la mejor opci\u00f3n contractual a realizar, estudiando las distintas modalidades y posibles subvenciones y bonificaciones,\u00a0preavisos de la finalizac\u00ed\u00f3n de los mismos,\u00a0aplicaci\u00f3n y actualizaci\u00f3n de convenios y normas laborales, elaboraci\u00f3n de n\u00f3minas, liquidaciones y finiquitos. Tramitamos y preparamos los boletines de cotizaci\u00f3n a la Seguridad Social, las altas, bajas, variaciones de datos de trabajadores. Nos encargamos de gestionar y tramitar los partes de alta y baja m\u00e9dica de AT y EP, as\u00ed como los partes de confirmaci\u00f3n. Realizamos las declaraciones trimestrales de IRPF mod. 111 y declaraci\u00f3n anual mod. 190,\u00a0certificados de retenciones y comunicaci\u00f3n de datos al pagador.\r\n\r\nEspecial importancia tiene la asesor\u00eda jur\u00eddica laboral en la asistencia, defensa, contestaci\u00f3n a requerimientos y recursos, en situaciones de Inspecciones de Trabajo, representaci\u00f3n en actos de conciliaci\u00f3n en el SMAC y procedimientos judiciales.\r\n\r\nAdem\u00e1s realizamos otros tr\u00e1mites, como son:\u00a0vidas laborales, certificados de estar al corriente de pago, tr\u00e1mites en recaudaci\u00f3n y aplazamientos, contratos y retribuciones a directivos.","_et_gb_content_width":"","footnotes":""},"class_list":["post-21","page","type-page","status-publish","has-post-thumbnail","hentry"],"aioseo_notices":[],"_links":{"self":[{"href":"https:\/\/taoroconsultores.com\/index.php?rest_route=\/wp\/v2\/pages\/21","targetHints":{"allow":["GET"]}}],"collection":[{"href":"https:\/\/taoroconsultores.com\/index.php?rest_route=\/wp\/v2\/pages"}],"about":[{"href":"https:\/\/taoroconsultores.com\/index.php?rest_route=\/wp\/v2\/types\/page"}],"author":[{"embeddable":true,"href":"https:\/\/taoroconsultores.com\/index.php?rest_route=\/wp\/v2\/users\/2"}],"replies":[{"embeddable":true,"href":"https:\/\/taoroconsultores.com\/index.php?rest_route=%2Fwp%2Fv2%2Fcomments&post=21"}],"version-history":[{"count":5,"href":"https:\/\/taoroconsultores.com\/index.php?rest_route=\/wp\/v2\/pages\/21\/revisions"}],"predecessor-version":[{"id":1134,"href":"https:\/\/taoroconsultores.com\/index.php?rest_route=\/wp\/v2\/pages\/21\/revisions\/1134"}],"up":[{"embeddable":true,"href":"https:\/\/taoroconsultores.com\/index.php?rest_route=\/wp\/v2\/pages\/15"}],"wp:featuredmedia":[{"embeddable":true,"href":"https:\/\/taoroconsultores.com\/index.php?rest_route=\/wp\/v2\/media\/893"}],"wp:attachment":[{"href":"https:\/\/taoroconsultores.com\/index.php?rest_route=%2Fwp%2Fv2%2Fmedia&parent=21"}],"curies":[{"name":"wp","href":"https:\/\/api.w.org\/{rel}","templated":true}]}}