{"id":27,"date":"2010-09-28T17:07:03","date_gmt":"2010-09-28T17:07:03","guid":{"rendered":"http:\/\/www.taoroconsultores.com\/?page_id=27"},"modified":"2024-01-09T13:18:24","modified_gmt":"2024-01-09T13:18:24","slug":"inicio","status":"publish","type":"page","link":"https:\/\/taoroconsultores.com\/","title":{"rendered":"Inicio"},"content":{"rendered":"<p><div class=\"et_d4_element et_pb_section et_pb_section_0  et_pb_css_mix_blend_mode et_pb_fullwidth_section et_section_regular et_block_section\" >\n\t\t\t\t\n\t\t\t\t\n\t\t\t\t\n\t\t\t\t\n\t\t\t\t\n\t\t\t\t\n\t\t\t\t<div class=\"et_pb_module et_d4_element et_pb_fullwidth_slider_0 et_animated et_pb_slider et_pb_slider_no_arrows et_pb_slider_no_pagination\">\n\t\t\t\t<div class=\"et_pb_slides\">\n\t\t\t\t\t<div class=\"et_d4_element et_pb_slide et_pb_slide_0  et_pb_css_mix_blend_mode et_pb_bg_layout_light et_pb_slide_with_image et_pb_media_alignment_center et_pb_slider_with_text_overlay et-pb-active-slide\" data-slide-id=\"et_pb_slide_0\">\n\t\t\t\t\n\t\t\t\t\n\t\t\t\t<div class=\"et_pb_container clearfix\">\n\t\t\t\t\t<div class=\"et_pb_slider_container_inner\">\n\t\t\t\t\t\t<div class=\"et_pb_slide_image\"><img loading=\"lazy\" decoding=\"async\" width=\"512\" height=\"512\" src=\"https:\/\/taoroconsultores.com\/wp-content\/uploads\/Taoro-Consultores-Logo-Home.png\" alt=\"\" srcset=\"https:\/\/taoroconsultores.com\/wp-content\/uploads\/Taoro-Consultores-Logo-Home.png 512w, https:\/\/taoroconsultores.com\/wp-content\/uploads\/Taoro-Consultores-Logo-Home-480x480.png 480w\" sizes=\"(min-width: 0px) and (max-width: 480px) 480px, (min-width: 481px) 512px, 100vw\" class=\"wp-image-960\" \/><\/div>\n\t\t\t\t\t\t<div class=\"et_pb_slide_description\">\n\t\t\t\t\t\t\t<div class=\"et_pb_text_overlay_wrapper\">\n\t\t\t\t\t<h2 class=\"et_pb_slide_title\">Taoro Consultores<\/h2>\n\t\t\t\t<\/div>\n\t\t\t\t\t\t\t\n\t\t\t\t\t\t<\/div>\n\t\t\t\t\t<\/div>\n\t\t\t\t<\/div>\n\t\t\t\t\n\t\t\t\t\n\t\t\t\t\n\t\t\t<\/div>\n\t\t\t\n\t\t\t\t<\/div>\n\t\t\t\t\n\t\t\t<\/div>\n\t\t\t\n\t\t\t\t\n\t\t\t\t\n\t\t\t<\/div><div class=\"et_d4_element et_pb_section et_pb_section_1  et_pb_css_mix_blend_mode et_section_regular et_block_section\" >\n\t\t\t\t\n\t\t\t\t\n\t\t\t\t\n\t\t\t\t\n\t\t\t\t\n\t\t\t\t\n\t\t\t\t<div class=\"et_d4_element et_pb_row et_pb_row_0  et_pb_css_mix_blend_mode et_block_row\">\n\t\t\t\t<div class=\"et_d4_element et_pb_column_4_4 et_pb_column et_pb_column_0  et_pb_css_mix_blend_mode et-last-child et_block_column\">\n\t\t\t\t\n\t\t\t\t\n\t\t\t\t\n\t\t\t\t\n\t\t\t\t<div class=\"et_pb_module et_d4_element dsm_image_accordion dsm_image_accordion_0 dsm_image_accordion_animation_fade_in dsm_image_accordion_animation_sequence_on\">\n\t\t\t\t\n\t\t\t\t\n\t\t\t\t\n\t\t\t\t\n\t\t\t\t\n\t\t\t\t\n\t\t\t\t<div class=\"et_pb_module_inner\">\n\t\t\t\t\t<div class=\"dsm_image_accordion_wrapper dsm_image_accordion_trigger_on_hover\">\n                <p><div class=\"et_pb_module et_d4_element dsm_image_accordion_child dsm_image_accordion_child_0 et_clickable dsm_image_accordion_horizontal_center dsm_image_accordion_vertical_center \">\n\t\t\t\t\n\t\t\t\t\n\t\t\t\t\n\t\t\t\t\n\t\t\t\t\n\t\t\t\t\n\t\t\t\t<div class=\"et_pb_module_inner\">\n\t\t\t\t\t<div class=\"dsm_image_accordion_child_content\">\n\t\t\t\t\n\t\t\t\t<h3 class=\"dsm_image_accordion_title\">Asesor\u00eda Fiscal<\/h3>\n\t\t\t\t<div class=\"dsm_image_accordion_description\">Especializados en la prestaci\u00f3n de servicios de asesoramiento y en la implantaci\u00f3n de soporte para empresas<\/div>\n\t\t\t\t\n\t\t\t<\/div>\n\t\t\t\t<\/div>\n\t\t\t<\/div><div class=\"et_pb_module et_d4_element dsm_image_accordion_child dsm_image_accordion_child_1 et_clickable dsm_image_accordion_horizontal_center dsm_image_accordion_vertical_center \">\n\t\t\t\t\n\t\t\t\t\n\t\t\t\t\n\t\t\t\t\n\t\t\t\t\n\t\t\t\t\n\t\t\t\t<div class=\"et_pb_module_inner\">\n\t\t\t\t\t<div class=\"dsm_image_accordion_child_content\">\n\t\t\t\t\n\t\t\t\t<h3 class=\"dsm_image_accordion_title\">Asesor\u00eda Laboral<\/h3>\n\t\t\t\t<div class=\"dsm_image_accordion_description\">La seguridad y la tranquilidad de tener una asesor\u00eda laboral con amplia experiencia en contratos de trabajo<\/div>\n\t\t\t\t\n\t\t\t<\/div>\n\t\t\t\t<\/div>\n\t\t\t<\/div><div class=\"et_pb_module et_d4_element dsm_image_accordion_child dsm_image_accordion_child_2 et_clickable dsm_image_accordion_horizontal_center dsm_image_accordion_vertical_center \">\n\t\t\t\t\n\t\t\t\t\n\t\t\t\t\n\t\t\t\t\n\t\t\t\t\n\t\t\t\t\n\t\t\t\t<div class=\"et_pb_module_inner\">\n\t\t\t\t\t<div class=\"dsm_image_accordion_child_content\">\n\t\t\t\t\n\t\t\t\t<h3 class=\"dsm_image_accordion_title\">Asesor\u00eda Contable<\/h3>\n\t\t\t\t<div class=\"dsm_image_accordion_description\">La contabilidad no s\u00f3lo como obligaci\u00f3n legal, sino como una herramienta indispensable en la gesti\u00f3n de su empresa<\/div>\n\t\t\t\t\n\t\t\t<\/div>\n\t\t\t\t<\/div>\n\t\t\t<\/div><div class=\"et_pb_module et_d4_element dsm_image_accordion_child dsm_image_accordion_child_3 et_clickable dsm_image_accordion_horizontal_center dsm_image_accordion_vertical_center \">\n\t\t\t\t\n\t\t\t\t\n\t\t\t\t\n\t\t\t\t\n\t\t\t\t\n\t\t\t\t\n\t\t\t\t<div class=\"et_pb_module_inner\">\n\t\t\t\t\t<div class=\"dsm_image_accordion_child_content\">\n\t\t\t\t\n\t\t\t\t<h3 class=\"dsm_image_accordion_title\">Administraci\u00f3n de Fincas<\/h3>\n\t\t\t\t<div class=\"dsm_image_accordion_description\">Gesti\u00f3n integral a comunidades de propietarios poniendo a disposici\u00f3n de todos los propietarios nuestro experimentado equipo humano<\/div>\n\t\t\t\t\n\t\t\t<\/div>\n\t\t\t\t<\/div>\n\t\t\t<\/div><\/p>\n\n            <\/div>\n\t\t\t\t<\/div>\n\t\t\t<\/div>\n\t\t\t<\/div>\n\t\t\t\t\n\t\t\t\t\n\t\t\t\t\n\t\t\t\t\n\t\t\t<\/div>\n\t\t\t\t\n\t\t\t\t\n\t\t\t<\/div><div class=\"et_d4_element et_pb_section et_pb_section_2  et_pb_css_mix_blend_mode et_section_regular et_block_section\" >\n\t\t\t\t\n\t\t\t\t\n\t\t\t\t\n\t\t\t\t\n\t\t\t\t\n\t\t\t\t\n\t\t\t\t<div class=\"et_d4_element et_pb_row et_pb_row_1  et_pb_css_mix_blend_mode et_block_row\">\n\t\t\t\t<div class=\"et_d4_element et_pb_column_1_3 et_pb_column et_pb_column_1  et_pb_css_mix_blend_mode et_block_column\">\n\t\t\t\t\n\t\t\t\t\n\t\t\t\t\n\t\t\t\t\n\t\t\t\t<div class=\"et_pb_module et_d4_element et_pb_image et_pb_image_0\">\n\t\t\t\t\n\t\t\t\t\n\t\t\t\t\n\t\t\t\t\n\t\t\t\t<span class=\"et_pb_image_wrap \"><img loading=\"lazy\" decoding=\"async\" width=\"2000\" height=\"1333\" src=\"https:\/\/taoroconsultores.com\/wp-content\/uploads\/Taoro-Consultores-15032013-15.jpg\" alt=\"\" title=\"Taoro-Consultores-15032013-15\" srcset=\"https:\/\/taoroconsultores.com\/wp-content\/uploads\/Taoro-Consultores-15032013-15.jpg 2000w, https:\/\/taoroconsultores.com\/wp-content\/uploads\/Taoro-Consultores-15032013-15-1280x853.jpg 1280w, https:\/\/taoroconsultores.com\/wp-content\/uploads\/Taoro-Consultores-15032013-15-980x653.jpg 980w, https:\/\/taoroconsultores.com\/wp-content\/uploads\/Taoro-Consultores-15032013-15-480x320.jpg 480w\" sizes=\"(min-width: 0px) and (max-width: 480px) 480px, (min-width: 481px) and (max-width: 980px) 980px, (min-width: 981px) and (max-width: 1280px) 1280px, (min-width: 1281px) 2000px, 100vw\" class=\"wp-image-1001\" \/><\/span>\n\t\t\t<\/div><div class=\"et_pb_module et_d4_element et_pb_text et_pb_text_0  et_pb_text_align_left et_pb_bg_layout_light\">\n\t\t\t\t\n\t\t\t\t\n\t\t\t\t\n\t\t\t\t\n\t\t\t\t<div class=\"et_pb_text_inner\"><p><strong>Taoro Consultores<\/strong>\u00a0es una asesor\u00eda\u00a0integral formada por un amplio equipo de profesionales especializados y dedicada a prestar servicios de asesoramiento, tanto fiscal como laboral, a empresas y particulares; gesti\u00f3n administrativa y contable, y administraci\u00f3n de fincas.<\/p><\/div>\n\t\t\t<\/div>\n\t\t\t<\/div><div class=\"et_d4_element et_pb_column_1_3 et_pb_column et_pb_column_2  et_pb_css_mix_blend_mode et_block_column\">\n\t\t\t\t\n\t\t\t\t\n\t\t\t\t\n\t\t\t\t\n\t\t\t\t<div class=\"et_pb_module et_d4_element et_pb_image et_pb_image_1\">\n\t\t\t\t\n\t\t\t\t\n\t\t\t\t\n\t\t\t\t\n\t\t\t\t<span class=\"et_pb_image_wrap \"><img loading=\"lazy\" decoding=\"async\" width=\"2000\" height=\"1333\" src=\"https:\/\/taoroconsultores.com\/wp-content\/uploads\/Taoro-Consultores-15032013-21.jpg\" alt=\"\" title=\"Taoro-Consultores-15032013-21\" srcset=\"https:\/\/taoroconsultores.com\/wp-content\/uploads\/Taoro-Consultores-15032013-21.jpg 2000w, https:\/\/taoroconsultores.com\/wp-content\/uploads\/Taoro-Consultores-15032013-21-1280x853.jpg 1280w, https:\/\/taoroconsultores.com\/wp-content\/uploads\/Taoro-Consultores-15032013-21-980x653.jpg 980w, https:\/\/taoroconsultores.com\/wp-content\/uploads\/Taoro-Consultores-15032013-21-480x320.jpg 480w\" sizes=\"(min-width: 0px) and (max-width: 480px) 480px, (min-width: 481px) and (max-width: 980px) 980px, (min-width: 981px) and (max-width: 1280px) 1280px, (min-width: 1281px) 2000px, 100vw\" class=\"wp-image-1007\" \/><\/span>\n\t\t\t<\/div><div class=\"et_pb_module et_d4_element et_pb_text et_pb_text_1  et_pb_text_align_left et_pb_bg_layout_light\">\n\t\t\t\t\n\t\t\t\t\n\t\t\t\t\n\t\t\t\t\n\t\t\t\t<div class=\"et_pb_text_inner\"><p>Con varios a\u00f1os de experiencia, el despacho se funda en 1998, ofreciendo la mejor oferta y servicio, y en continua expansi\u00f3n, actualmente cuenta con 15 empleados y dos oficinas en\u00a0la isla, si bien presta sus servicios en todo el territorio nacional.<\/p><\/div>\n\t\t\t<\/div>\n\t\t\t<\/div><div class=\"et_d4_element et_pb_column_1_3 et_pb_column et_pb_column_3  et_pb_css_mix_blend_mode et-last-child et_block_column\">\n\t\t\t\t\n\t\t\t\t\n\t\t\t\t\n\t\t\t\t\n\t\t\t\t<div class=\"et_pb_module et_d4_element et_pb_image et_pb_image_2\">\n\t\t\t\t\n\t\t\t\t\n\t\t\t\t\n\t\t\t\t\n\t\t\t\t<span class=\"et_pb_image_wrap \"><img loading=\"lazy\" decoding=\"async\" width=\"2000\" height=\"1333\" src=\"https:\/\/taoroconsultores.com\/wp-content\/uploads\/Taoro-Consultores-15032013-22.jpg\" alt=\"\" title=\"Taoro-Consultores-15032013-22\" srcset=\"https:\/\/taoroconsultores.com\/wp-content\/uploads\/Taoro-Consultores-15032013-22.jpg 2000w, https:\/\/taoroconsultores.com\/wp-content\/uploads\/Taoro-Consultores-15032013-22-1280x853.jpg 1280w, https:\/\/taoroconsultores.com\/wp-content\/uploads\/Taoro-Consultores-15032013-22-980x653.jpg 980w, https:\/\/taoroconsultores.com\/wp-content\/uploads\/Taoro-Consultores-15032013-22-480x320.jpg 480w\" sizes=\"(min-width: 0px) and (max-width: 480px) 480px, (min-width: 481px) and (max-width: 980px) 980px, (min-width: 981px) and (max-width: 1280px) 1280px, (min-width: 1281px) 2000px, 100vw\" class=\"wp-image-1008\" \/><\/span>\n\t\t\t<\/div><div class=\"et_pb_module et_d4_element et_pb_text et_pb_text_2  et_pb_text_align_left et_pb_bg_layout_light\">\n\t\t\t\t\n\t\t\t\t\n\t\t\t\t\n\t\t\t\t\n\t\t\t\t<div class=\"et_pb_text_inner\"><p>Vis\u00edtenos sin compromiso. Con nosotros quiz\u00e1s descubra una forma diferente de trabajar, y con su entusiasmo e ilusi\u00f3n desarrollaremos su proyecto. Creemos en la capacidad de transformaci\u00f3n, en nosotros mismo y en los dem\u00e1s.<\/p><\/div>\n\t\t\t<\/div>\n\t\t\t<\/div>\n\t\t\t\t\n\t\t\t\t\n\t\t\t\t\n\t\t\t\t\n\t\t\t<\/div>\n\t\t\t\t\n\t\t\t\t\n\t\t\t<\/div><\/p>\n","protected":false},"excerpt":{"rendered":"","protected":false},"author":2,"featured_media":0,"parent":0,"menu_order":0,"comment_status":"closed","ping_status":"closed","template":"","meta":{"_et_pb_use_builder":"on","_et_pb_old_content":"[column-group]\r\n[column]\r\n<img class=\"size-medium wp-image-292 aligncenter\" src=\"https:\/\/taoroconsultores.com\/wp-content\/uploads\/2013\/05\/Taoro-Consultores-08-275x182.jpg\" alt=\"\" width=\"275\" height=\"182\" \/>\r\n\r\nTaoro Consultores\u00a0 es una asesor\u00eda\u00a0integral dedicada a prestar servicios de asesoramiento a empresas y particulares,\u00a0 gesti\u00f3n administrativa y administraci\u00f3n de fincas.[\/column]\r\n\r\n[column]\r\n<img class=\"size-medium wp-image-295 aligncenter\" src=\"https:\/\/taoroconsultores.com\/wp-content\/uploads\/2013\/05\/Taoro-Consultores-11-275x182.jpg\" alt=\"\" width=\"275\" height=\"182\" \/>\r\n\r\nEl despacho se funda\u00a01998 y actualmente cuenta con 15 empleados y dos oficinas en\r\n\r\nla isla, si bien presta sus servicios en todo el territorio nacional.[\/column]\r\n\r\n[column]\r\n<img class=\"size-medium wp-image-298 aligncenter\" src=\"https:\/\/taoroconsultores.com\/wp-content\/uploads\/2013\/05\/Taoro-Consultores-14-275x174.jpg\" alt=\"\" width=\"275\" height=\"174\" \/>Vis\u00edtenos sin compromiso, quiz\u00e1s descubra una forma diferente de trabajar, como m\u00ednimo le prometemos que le transmitiremos un poco de ilusi\u00f3n.[\/column]\r\n\r\n<em id=\"__mceDel\">[\/column-group]<\/em>","_et_gb_content_width":"","footnotes":""},"class_list":["post-27","page","type-page","status-publish","hentry"],"aioseo_notices":[],"_links":{"self":[{"href":"https:\/\/taoroconsultores.com\/index.php?rest_route=\/wp\/v2\/pages\/27","targetHints":{"allow":["GET"]}}],"collection":[{"href":"https:\/\/taoroconsultores.com\/index.php?rest_route=\/wp\/v2\/pages"}],"about":[{"href":"https:\/\/taoroconsultores.com\/index.php?rest_route=\/wp\/v2\/types\/page"}],"author":[{"embeddable":true,"href":"https:\/\/taoroconsultores.com\/index.php?rest_route=\/wp\/v2\/users\/2"}],"replies":[{"embeddable":true,"href":"https:\/\/taoroconsultores.com\/index.php?rest_route=%2Fwp%2Fv2%2Fcomments&post=27"}],"version-history":[{"count":6,"href":"https:\/\/taoroconsultores.com\/index.php?rest_route=\/wp\/v2\/pages\/27\/revisions"}],"predecessor-version":[{"id":1490,"href":"https:\/\/taoroconsultores.com\/index.php?rest_route=\/wp\/v2\/pages\/27\/revisions\/1490"}],"wp:attachment":[{"href":"https:\/\/taoroconsultores.com\/index.php?rest_route=%2Fwp%2Fv2%2Fmedia&parent=27"}],"curies":[{"name":"wp","href":"https:\/\/api.w.org\/{rel}","templated":true}]}}