{"id":397,"date":"2013-05-10T12:01:28","date_gmt":"2013-05-10T12:01:28","guid":{"rendered":"http:\/\/www.taoroconsultores.com\/?page_id=397"},"modified":"2021-04-28T11:49:26","modified_gmt":"2021-04-28T11:49:26","slug":"asesoria-fiscal","status":"publish","type":"page","link":"https:\/\/taoroconsultores.com\/?page_id=397","title":{"rendered":"Asesor\u00eda Fiscal"},"content":{"rendered":"<div class=\"et_d4_element et_pb_section et_pb_section_0  et_pb_css_mix_blend_mode et_section_regular et_block_section\" >\n\t\t\t\t\n\t\t\t\t\n\t\t\t\t\n\t\t\t\t\n\t\t\t\t\n\t\t\t\t\n\t\t\t\t<div class=\"et_d4_element et_pb_row et_pb_row_0  et_pb_css_mix_blend_mode et_block_row\">\n\t\t\t\t<div class=\"et_d4_element et_pb_column_1_2 et_pb_column et_pb_column_0  et_pb_css_mix_blend_mode et_block_column\">\n\t\t\t\t\n\t\t\t\t\n\t\t\t\t\n\t\t\t\t\n\t\t\t\t<div class=\"et_pb_module et_d4_element et_pb_text et_pb_text_0  et_pb_text_align_justified et_pb_bg_layout_light\">\n\t\t\t\t\n\t\t\t\t\n\t\t\t\t\n\t\t\t\t\n\t\t\t\t<div class=\"et_pb_text_inner\"><p>En <strong>Taoro Consultores<\/strong> prestamos servicio de asesor\u00eda fiscal en cuanto a los impuestos y tributaciones que tanto personas f\u00edsicas como jur\u00eddicas est\u00e1n obligados a presentar. Conocemos a la perfecci\u00f3n el funcionamiento del sistema tributario espa\u00f1ol para personas f\u00edsicas y sociedades, lo que nos capacita para asesorarles en todos los aspectos fiscales que puedan afectarle: impuestos sobre la <strong>Renta<\/strong> y el <strong>Patrimonio<\/strong>, <strong>IVA<\/strong> o <strong>IGIC<\/strong>, Impuesto de <strong>Sociedades<\/strong>, Impuesto de <strong>Actividades Econ\u00f3micas<\/strong>, etc.<\/p>\n<p>&nbsp;<\/p>\n<div class=\"elementor-element elementor-element-7e032b4 elementor-widget elementor-widget-text-editor\" data-id=\"7e032b4\" data-element_type=\"widget\" data-widget_type=\"text-editor.default\">\n<div class=\"elementor-widget-container\">\n<div class=\"elementor-text-editor elementor-clearfix\">\n<p>Somos conscientes de que el \u00e1rea de impuestos tiene cada vez m\u00e1s importancia. Es un coste que tiene que abordarse desde una doble perspectiva: la seguridad y la eficiencia, intentando que la colaboraci\u00f3n a los presupuestos sea justa y no d\u00e9 lugar a sorpresas desagradables en un futuro.<\/p>\n<\/div>\n<\/div>\n<\/div>\n<div class=\"elementor-element elementor-element-31a797b0 elementor-hidden-tablet elementor-hidden-phone elementor-widget elementor-widget-table-of-contents\" data-id=\"31a797b0\" data-element_type=\"widget\" data-settings=\"{&quot;headings_by_tags&quot;:&#091;&quot;h2&quot;,&quot;h3&quot;,&quot;h4&quot;&#093;,&quot;exclude_headings_by_selector&quot;:&#091;&#093;,&quot;marker_view&quot;:&quot;bullets&quot;,&quot;icon&quot;:{&quot;value&quot;:&quot;fas fa-circle&quot;,&quot;library&quot;:&quot;fa-solid&quot;},&quot;min_height&quot;:{&quot;unit&quot;:&quot;px&quot;,&quot;size&quot;:&quot;&quot;,&quot;sizes&quot;:&#091;&#093;},&quot;min_height_tablet&quot;:{&quot;unit&quot;:&quot;px&quot;,&quot;size&quot;:&quot;&quot;,&quot;sizes&quot;:&#091;&#093;},&quot;min_height_mobile&quot;:{&quot;unit&quot;:&quot;px&quot;,&quot;size&quot;:&quot;&quot;,&quot;sizes&quot;:&#091;&#093;}}\" data-widget_type=\"table-of-contents.default\">\n<div class=\"elementor-widget-container\">\n<div class=\"elementor-toc__header\">\u00a0<\/div>\n<\/div>\n<\/div><\/div>\n\t\t\t<\/div>\n\t\t\t<\/div><div class=\"et_d4_element et_pb_column_1_2 et_pb_column et_pb_column_1  et_pb_css_mix_blend_mode et-last-child et_block_column\">\n\t\t\t\t\n\t\t\t\t\n\t\t\t\t\n\t\t\t\t\n\t\t\t\t<div class=\"et_pb_module et_d4_element et_pb_text et_pb_text_1  et_pb_text_align_justified et_pb_bg_layout_light\">\n\t\t\t\t\n\t\t\t\t\n\t\t\t\t\n\t\t\t\t\n\t\t\t\t<div class=\"et_pb_text_inner\"><p>Somos conscientes de que la planificaci\u00f3n fiscal\u00a0aporta a su empresa un ahorro econ\u00f3mico, gracias a la visi\u00f3n global de sus impuestos. Por ello llevamos a cabo un an\u00e1lisis de la situaci\u00f3n tributaria de nuestros clientes, mensualmente, trimestralmente o anualmente; ya sean <strong>PYME<\/strong>s, <strong>Aut\u00f3nomos<\/strong> o <strong>Startups<\/strong>. Y de esta forma, conseguir reducir la carga fiscal a trav\u00e9s de la optimizaci\u00f3n para cada caso de la normativa tributaria vigente, aplicando los \u00faltimos cambios legislativos.<\/p>\n<p>&nbsp;<\/p>\n<p><strong>Le ofrecemos en asesoramiento fiscal:<\/strong><\/p>\n<p>&nbsp;<\/p>\n<div class=\"col-md-7\">\n<ul>\n<li style=\"list-style-type: none;\">\n<ul class=\"text-muted\">\n<li>Impuesto sobre la Renta y Patrimonio<\/li>\n<li>Impuesto General Indirecto Canario IGIC<\/li>\n<li>Estimaci\u00f3n objetiva \u00a0o por m\u00f3dulos<\/li>\n<li>Estimaci\u00f3n directa<\/li>\n<li>Impuesto sobre Sociedades<\/li>\n<li>Retenciones, pagos fraccionados y declaraciones anuales<\/li>\n<li>Relaciones con la Hacienda P\u00fablica<\/li>\n<li>Recursos<\/li>\n<li>Reclamaciones econ\u00f3mico-administrativos<\/li>\n<li>Asesoramiento integral fiscal<\/li>\n<\/ul>\n<\/li>\n<\/ul>\n<\/div><\/div>\n\t\t\t<\/div>\n\t\t\t<\/div>\n\t\t\t\t\n\t\t\t\t\n\t\t\t\t\n\t\t\t\t\n\t\t\t<\/div>\n\t\t\t\t\n\t\t\t\t\n\t\t\t<\/div>\n","protected":false},"excerpt":{"rendered":"","protected":false},"author":2,"featured_media":892,"parent":15,"menu_order":2,"comment_status":"closed","ping_status":"closed","template":"","meta":{"_et_pb_use_builder":"on","_et_pb_old_content":"Con el paso de los a\u00f1os, nos hemos especializado en la prestaci\u00f3n\u00a0de un servicio de asesoramiento en la implantaci\u00f3n de soportes contables en aquellas empresas que dispongan de personal administrativo, form\u00e1ndolo y asesor\u00e1ndolo de manera continuada, con excelentes resultados.\r\n\r\nOfrecemos a las empresas que no dispongan de personal administrativo la llevanza de su contabilidad y elaboraci\u00f3n de estados financieros, realizando peri\u00f3dicamente un an\u00e1lisis gr\u00e1fico de la evoluci\u00f3n de su empresa y ense\u00f1ando de forma sencilla a entender las diferentes partidas que afectan a su empresa.\r\n\r\nPretendemos que la contabilidad sea para usted no s\u00f3lo una obligaci\u00f3n legal, sino una herramienta de gesti\u00f3n de su empresa. para facilitar la toma de decisiones tanto en inversiones\u00a0como en el an\u00e1lisis de necesidades de financiaci\u00f3n, entre otros, nuestros servicios contables son:\r\n<ul>\r\n \t<li>Implantaci\u00f3n de soportes contables y formaci\u00f3n del personal administrativo<\/li>\r\n \t<li>Asesoramiento contable continuado<\/li>\r\n \t<li>Elaboraci\u00f3n de contabilidades normales y simplificadas<\/li>\r\n \t<li>Elaboraci\u00f3n de Estados Financieros (Balances y Cuentas de P\u00e9rdidas y Ganancias)<\/li>\r\n \t<li>Auditor\u00edas internas<\/li>\r\n \t<li>Elaboraci\u00f3n y presentaci\u00f3n ante el Registro Mercantil de los libros contables<\/li>\r\n \t<li>Elaboraci\u00f3n y presentaci\u00f3n de todo tipo de impuestos.<\/li>\r\n<\/ul>","_et_gb_content_width":"","footnotes":""},"class_list":["post-397","page","type-page","status-publish","has-post-thumbnail","hentry"],"aioseo_notices":[],"_links":{"self":[{"href":"https:\/\/taoroconsultores.com\/index.php?rest_route=\/wp\/v2\/pages\/397","targetHints":{"allow":["GET"]}}],"collection":[{"href":"https:\/\/taoroconsultores.com\/index.php?rest_route=\/wp\/v2\/pages"}],"about":[{"href":"https:\/\/taoroconsultores.com\/index.php?rest_route=\/wp\/v2\/types\/page"}],"author":[{"embeddable":true,"href":"https:\/\/taoroconsultores.com\/index.php?rest_route=\/wp\/v2\/users\/2"}],"replies":[{"embeddable":true,"href":"https:\/\/taoroconsultores.com\/index.php?rest_route=%2Fwp%2Fv2%2Fcomments&post=397"}],"version-history":[{"count":5,"href":"https:\/\/taoroconsultores.com\/index.php?rest_route=\/wp\/v2\/pages\/397\/revisions"}],"predecessor-version":[{"id":1128,"href":"https:\/\/taoroconsultores.com\/index.php?rest_route=\/wp\/v2\/pages\/397\/revisions\/1128"}],"up":[{"embeddable":true,"href":"https:\/\/taoroconsultores.com\/index.php?rest_route=\/wp\/v2\/pages\/15"}],"wp:featuredmedia":[{"embeddable":true,"href":"https:\/\/taoroconsultores.com\/index.php?rest_route=\/wp\/v2\/media\/892"}],"wp:attachment":[{"href":"https:\/\/taoroconsultores.com\/index.php?rest_route=%2Fwp%2Fv2%2Fmedia&parent=397"}],"curies":[{"name":"wp","href":"https:\/\/api.w.org\/{rel}","templated":true}]}}