{"id":450,"date":"2013-05-24T12:48:18","date_gmt":"2013-05-24T12:48:18","guid":{"rendered":"http:\/\/www.taoroconsultores.com\/?page_id=450"},"modified":"2021-04-16T09:23:10","modified_gmt":"2021-04-16T09:23:10","slug":"convenios","status":"publish","type":"page","link":"https:\/\/taoroconsultores.com\/?page_id=450","title":{"rendered":"Convenios"},"content":{"rendered":"<div class=\"et_d4_element et_pb_section et_pb_section_0  et_pb_css_mix_blend_mode et_section_regular et_block_section\" >\n\t\t\t\t\n\t\t\t\t\n\t\t\t\t\n\t\t\t\t\n\t\t\t\t\n\t\t\t\t\n\t\t\t\t<div class=\"et_d4_element et_pb_row et_pb_row_0 et_pb_equal_columns  et_pb_css_mix_blend_mode et_block_row\">\n\t\t\t\t<div class=\"et_d4_element et_pb_column_1_3 et_pb_column et_pb_column_0  et_pb_css_mix_blend_mode et_block_column\">\n\t\t\t\t\n\t\t\t\t\n\t\t\t\t\n\t\t\t\t\n\t\t\t\t<div class=\"et_pb_module et_d4_element et_pb_image et_pb_image_0\">\n\t\t\t\t\n\t\t\t\t\n\t\t\t\t\n\t\t\t\t\n\t\t\t\t<span class=\"et_pb_image_wrap \"><img loading=\"lazy\" decoding=\"async\" width=\"753\" height=\"291\" src=\"https:\/\/taoroconsultores.com\/wp-content\/uploads\/2013\/05\/nuevo_logo_de_la_fundacion_general_universidad_de_la_lagunajpg.jpeg\" alt=\"\" title=\"nuevo_logo_de_la_fundacion_general_universidad_de_la_lagunajpg\" srcset=\"https:\/\/taoroconsultores.com\/wp-content\/uploads\/2013\/05\/nuevo_logo_de_la_fundacion_general_universidad_de_la_lagunajpg.jpeg 753w, https:\/\/taoroconsultores.com\/wp-content\/uploads\/2013\/05\/nuevo_logo_de_la_fundacion_general_universidad_de_la_lagunajpg-320x123.jpeg 320w, https:\/\/taoroconsultores.com\/wp-content\/uploads\/2013\/05\/nuevo_logo_de_la_fundacion_general_universidad_de_la_lagunajpg-640x247.jpeg 640w, https:\/\/taoroconsultores.com\/wp-content\/uploads\/2013\/05\/nuevo_logo_de_la_fundacion_general_universidad_de_la_lagunajpg-624x241.jpeg 624w\" sizes=\"(max-width: 753px) 100vw, 753px\" class=\"wp-image-451\" \/><\/span>\n\t\t\t<\/div>\n\t\t\t<\/div><div class=\"et_d4_element et_pb_column_1_3 et_pb_column et_pb_column_1  et_pb_css_mix_blend_mode et_block_column\">\n\t\t\t\t\n\t\t\t\t\n\t\t\t\t\n\t\t\t\t\n\t\t\t\t<div class=\"et_pb_module et_d4_element et_pb_image et_pb_image_1\">\n\t\t\t\t\n\t\t\t\t\n\t\t\t\t\n\t\t\t\t\n\t\t\t\t<span class=\"et_pb_image_wrap \"><img loading=\"lazy\" decoding=\"async\" width=\"347\" height=\"76\" src=\"https:\/\/taoroconsultores.com\/wp-content\/uploads\/2013\/05\/Captura-de-pantalla-2013-05-24-a-las-13.46.30.png\" alt=\"\" title=\"Captura de pantalla 2013-05-24 a la(s) 13.46.30\" srcset=\"https:\/\/taoroconsultores.com\/wp-content\/uploads\/2013\/05\/Captura-de-pantalla-2013-05-24-a-las-13.46.30.png 347w, https:\/\/taoroconsultores.com\/wp-content\/uploads\/2013\/05\/Captura-de-pantalla-2013-05-24-a-las-13.46.30-320x70.png 320w\" sizes=\"(max-width: 347px) 100vw, 347px\" class=\"wp-image-452\" \/><\/span>\n\t\t\t<\/div>\n\t\t\t<\/div><div class=\"et_d4_element et_pb_column_1_3 et_pb_column et_pb_column_2  et_pb_css_mix_blend_mode et-last-child et_block_column\">\n\t\t\t\t\n\t\t\t\t\n\t\t\t\t\n\t\t\t\t\n\t\t\t\t<div class=\"et_pb_module et_d4_element et_pb_image et_pb_image_2\">\n\t\t\t\t\n\t\t\t\t\n\t\t\t\t\n\t\t\t\t\n\t\t\t\t<span class=\"et_pb_image_wrap \"><img decoding=\"async\" src=\"https:\/\/taoroconsultores.com\/wp-content\/uploads\/2013\/05\/Logo_TutelaHor\u00ae-calidad.jpg\" alt=\"\" title=\"Logo_TutelaHor\u00ae-calidad\" \/><\/span>\n\t\t\t<\/div>\n\t\t\t<\/div>\n\t\t\t\t\n\t\t\t\t\n\t\t\t\t\n\t\t\t\t\n\t\t\t<\/div><div class=\"et_d4_element et_pb_row et_pb_row_1  et_pb_css_mix_blend_mode et_block_row\">\n\t\t\t\t<div class=\"et_d4_element et_pb_column_1_3 et_pb_column et_pb_column_3  et_pb_css_mix_blend_mode et_block_column\">\n\t\t\t\t\n\t\t\t\t\n\t\t\t\t\n\t\t\t\t\n\t\t\t\t<div class=\"et_pb_module et_d4_element et_pb_text et_pb_text_0  et_pb_text_align_left et_pb_bg_layout_light\">\n\t\t\t\t\n\t\t\t\t\n\t\t\t\t\n\t\t\t\t\n\t\t\t\t<div class=\"et_pb_text_inner\"><p>Convenio espec\u00edfico de cooperaci\u00f3n educativa entre Taoro Consultores,s.l., y la Universidad de La Laguna y la Fundacion General de la Unversidad de La Laguna.<\/p><\/div>\n\t\t\t<\/div>\n\t\t\t<\/div><div class=\"et_d4_element et_pb_column_1_3 et_pb_column et_pb_column_4  et_pb_css_mix_blend_mode et_block_column\">\n\t\t\t\t\n\t\t\t\t\n\t\t\t\t\n\t\t\t\t\n\t\t\t\t<div class=\"et_pb_module et_d4_element et_pb_text et_pb_text_1  et_pb_text_align_left et_pb_bg_layout_light\">\n\t\t\t\t\n\t\t\t\t\n\t\t\t\t\n\t\t\t\t\n\t\t\t\t<div class=\"et_pb_text_inner\"><p>Entidad colaboradora en programas formativos de\u00a0los institutos de Educaci\u00f3n y Formaci\u00f3n Profesional.<\/p><\/div>\n\t\t\t<\/div>\n\t\t\t<\/div><div class=\"et_d4_element et_pb_column_1_3 et_pb_column et_pb_column_5  et_pb_css_mix_blend_mode et-last-child et_block_column\">\n\t\t\t\t\n\t\t\t\t\n\t\t\t\t\n\t\t\t\t\n\t\t\t\t<div class=\"et_pb_module et_d4_element et_pb_text et_pb_text_2  et_pb_text_align_left et_pb_bg_layout_light\">\n\t\t\t\t\n\t\t\t\t\n\t\t\t\t\n\t\t\t\t\n\t\t\t\t<div class=\"et_pb_text_inner\"><p>Colaboraci\u00f3n con TUTELA\u00ae,\u00a0despacho especializado en Consultor\u00eda, Auditor\u00eda y Formaci\u00f3n en el \u00e1mbito de la\u00a0Ley Org\u00e1nica de Protecci\u00f3n de Datos (LOPD),\u00a0Prevenci\u00f3n de Riesgos Laborales (PRL)\u00a0y\u00a0Prevenci\u00f3n de Blanqueo de Capitales (LPBC).<\/p><\/div>\n\t\t\t<\/div>\n\t\t\t<\/div>\n\t\t\t\t\n\t\t\t\t\n\t\t\t\t\n\t\t\t\t\n\t\t\t<\/div>\n\t\t\t\t\n\t\t\t\t\n\t\t\t<\/div>\n","protected":false},"excerpt":{"rendered":"","protected":false},"author":2,"featured_media":987,"parent":6,"menu_order":30,"comment_status":"closed","ping_status":"closed","template":"","meta":{"_et_pb_use_builder":"on","_et_pb_old_content":"[column-group][column]\r\n<img class=\"size-medium wp-image-451 alignnone\" alt=\"nuevo_logo_de_la_fundacion_general_universidad_de_la_lagunajpg\" src=\"https:\/\/taoroconsultores.com\/wp-content\/uploads\/2013\/05\/nuevo_logo_de_la_fundacion_general_universidad_de_la_lagunajpg-320x123.jpeg\" width=\"320\" height=\"123\" \/>\r\n<img class=\"size-medium wp-image-452 alignnone\" alt=\"Captura de pantalla 2013-05-24 a la(s) 13.46.30\" src=\"https:\/\/taoroconsultores.com\/wp-content\/uploads\/2013\/05\/Captura-de-pantalla-2013-05-24-a-las-13.46.30-320x70.png\" width=\"320\" height=\"70\" \/><img class=\"alignnone size-medium wp-image-467\" alt=\"Logo_TutelaHor\u00ae-calidad\" src=\"https:\/\/taoroconsultores.com\/wp-content\/uploads\/2013\/05\/Logo_TutelaHor\u00ae-calidad-320x112.jpg\" width=\"320\" height=\"112\" \/>\r\n[\/column]\r\n[column]\r\n<ul>\r\n\t<li>Convenio espec\u00edfico de cooperaci\u00f3n educativa entre Taoro Consultores,s.l., y la Universidad de La Laguna y la Fundacion General de la Unversidad de La Laguna.<\/li>\r\n\t<li>Entidad colaboradora en programas formativos de\u00a0los institutos de Educaci\u00f3n y Formaci\u00f3n Profesional.<\/li>\r\n\t<li>Colaboraci\u00f3n con TUTELA\u00ae,\u00a0despacho especializado en Consultor\u00eda, Auditor\u00eda y Formaci\u00f3n en el \u00e1mbito de la\u00a0Ley Org\u00e1nica de Protecci\u00f3n de Datos (LOPD),\u00a0Prevenci\u00f3n de Riesgos Laborales (PRL)\u00a0y\u00a0Prevenci\u00f3n de Blanqueo de Capitales (LPBC).<\/li>\r\n<\/ul>\r\n[\/column]\r\n[\/column-group]","_et_gb_content_width":"","footnotes":""},"class_list":["post-450","page","type-page","status-publish","has-post-thumbnail","hentry"],"aioseo_notices":[],"_links":{"self":[{"href":"https:\/\/taoroconsultores.com\/index.php?rest_route=\/wp\/v2\/pages\/450","targetHints":{"allow":["GET"]}}],"collection":[{"href":"https:\/\/taoroconsultores.com\/index.php?rest_route=\/wp\/v2\/pages"}],"about":[{"href":"https:\/\/taoroconsultores.com\/index.php?rest_route=\/wp\/v2\/types\/page"}],"author":[{"embeddable":true,"href":"https:\/\/taoroconsultores.com\/index.php?rest_route=\/wp\/v2\/users\/2"}],"replies":[{"embeddable":true,"href":"https:\/\/taoroconsultores.com\/index.php?rest_route=%2Fwp%2Fv2%2Fcomments&post=450"}],"version-history":[{"count":5,"href":"https:\/\/taoroconsultores.com\/index.php?rest_route=\/wp\/v2\/pages\/450\/revisions"}],"predecessor-version":[{"id":914,"href":"https:\/\/taoroconsultores.com\/index.php?rest_route=\/wp\/v2\/pages\/450\/revisions\/914"}],"up":[{"embeddable":true,"href":"https:\/\/taoroconsultores.com\/index.php?rest_route=\/wp\/v2\/pages\/6"}],"wp:featuredmedia":[{"embeddable":true,"href":"https:\/\/taoroconsultores.com\/index.php?rest_route=\/wp\/v2\/media\/987"}],"wp:attachment":[{"href":"https:\/\/taoroconsultores.com\/index.php?rest_route=%2Fwp%2Fv2%2Fmedia&parent=450"}],"curies":[{"name":"wp","href":"https:\/\/api.w.org\/{rel}","templated":true}]}}