{"id":6,"date":"2010-09-28T17:14:27","date_gmt":"2010-09-28T17:14:27","guid":{"rendered":"http:\/\/www.taoroconsultores.com\/?page_id=6"},"modified":"2021-04-16T09:19:13","modified_gmt":"2021-04-16T09:19:13","slug":"la-empresa","status":"publish","type":"page","link":"https:\/\/taoroconsultores.com\/?page_id=6","title":{"rendered":"La Empresa"},"content":{"rendered":"<div class=\"et_d4_element et_pb_section et_pb_section_0  et_pb_css_mix_blend_mode et_section_regular et_block_section\" >\n\t\t\t\t\n\t\t\t\t\n\t\t\t\t\n\t\t\t\t\n\t\t\t\t\n\t\t\t\t\n\t\t\t\t<div class=\"et_d4_element et_pb_row et_pb_row_0  et_pb_css_mix_blend_mode et_block_row\">\n\t\t\t\t<div class=\"et_d4_element et_pb_column_4_4 et_pb_column et_pb_column_0  et_pb_css_mix_blend_mode et-last-child et_block_column\">\n\t\t\t\t\n\t\t\t\t\n\t\t\t\t\n\t\t\t\t\n\t\t\t\t<div class=\"et_pb_module et_d4_element et_pb_gallery et_pb_gallery_0  et_pb_bg_layout_light et_pb_gallery_grid\">\n\t\t\t\t<div class=\"et_pb_gallery_items et_pb_grid_items et_post_gallery clearfix\" data-per_page=\"4\"><div class=\"et_pb_gallery_item et_pb_grid_item et_pb_bg_layout_light et_pb_css_mix_blend_mode et_pb_gallery_item_0_0\"><div class=\"et_pb_gallery_image landscape\">\n\t\t\t\t\t<a href=\"https:\/\/taoroconsultores.com\/wp-content\/uploads\/Taoro-Consultores-15032013-21.jpg\" title=\"Taoro-Consultores-15032013-21\">\n\t\t\t\t\t<img loading=\"lazy\" decoding=\"async\" width=\"400\" height=\"284\" src=\"https:\/\/taoroconsultores.com\/wp-content\/uploads\/Taoro-Consultores-15032013-21-400x284.jpg\" srcset=\"https:\/\/taoroconsultores.com\/wp-content\/uploads\/Taoro-Consultores-15032013-21.jpg 479w, https:\/\/taoroconsultores.com\/wp-content\/uploads\/Taoro-Consultores-15032013-21-400x284.jpg 480w\" sizes=\"(max-width:479px) 479px, 100vw\" class=\"wp-image-1007\" \/>\n\t\t\t\t\t<span class=\"et_overlay\"><\/span>\n\t\t\t\t<\/a>\n\t\t\t\t<\/div><\/div><div class=\"et_pb_gallery_item et_pb_grid_item et_pb_bg_layout_light et_pb_css_mix_blend_mode et_pb_gallery_item_0_1\"><div class=\"et_pb_gallery_image landscape\">\n\t\t\t\t\t<a href=\"https:\/\/taoroconsultores.com\/wp-content\/uploads\/Taoro-Consultores-15032013-19.jpg\" title=\"Taoro-Consultores-15032013-19\">\n\t\t\t\t\t<img loading=\"lazy\" decoding=\"async\" width=\"400\" height=\"284\" src=\"https:\/\/taoroconsultores.com\/wp-content\/uploads\/Taoro-Consultores-15032013-19-400x284.jpg\" srcset=\"https:\/\/taoroconsultores.com\/wp-content\/uploads\/Taoro-Consultores-15032013-19.jpg 479w, https:\/\/taoroconsultores.com\/wp-content\/uploads\/Taoro-Consultores-15032013-19-400x284.jpg 480w\" sizes=\"(max-width:479px) 479px, 100vw\" class=\"wp-image-1005\" \/>\n\t\t\t\t\t<span class=\"et_overlay\"><\/span>\n\t\t\t\t<\/a>\n\t\t\t\t<\/div><\/div><div class=\"et_pb_gallery_item et_pb_grid_item et_pb_bg_layout_light et_pb_css_mix_blend_mode et_pb_gallery_item_0_2\"><div class=\"et_pb_gallery_image landscape\">\n\t\t\t\t\t<a href=\"https:\/\/taoroconsultores.com\/wp-content\/uploads\/Taoro-Consultores-15032013-10.jpg\" title=\"Taoro-Consultores-15032013-10\">\n\t\t\t\t\t<img loading=\"lazy\" decoding=\"async\" width=\"400\" height=\"284\" src=\"https:\/\/taoroconsultores.com\/wp-content\/uploads\/Taoro-Consultores-15032013-10-400x284.jpg\" srcset=\"https:\/\/taoroconsultores.com\/wp-content\/uploads\/Taoro-Consultores-15032013-10.jpg 479w, https:\/\/taoroconsultores.com\/wp-content\/uploads\/Taoro-Consultores-15032013-10-400x284.jpg 480w\" sizes=\"(max-width:479px) 479px, 100vw\" class=\"wp-image-996\" \/>\n\t\t\t\t\t<span class=\"et_overlay\"><\/span>\n\t\t\t\t<\/a>\n\t\t\t\t<\/div><\/div><div class=\"et_pb_gallery_item et_pb_grid_item et_pb_bg_layout_light et_pb_css_mix_blend_mode et_pb_gallery_item_0_3\"><div class=\"et_pb_gallery_image landscape\">\n\t\t\t\t\t<a href=\"https:\/\/taoroconsultores.com\/wp-content\/uploads\/Taoro-Consultores-15032013-06.jpg\" title=\"Taoro-Consultores-15032013-06\">\n\t\t\t\t\t<img loading=\"lazy\" decoding=\"async\" width=\"400\" height=\"284\" src=\"https:\/\/taoroconsultores.com\/wp-content\/uploads\/Taoro-Consultores-15032013-06-400x284.jpg\" srcset=\"https:\/\/taoroconsultores.com\/wp-content\/uploads\/Taoro-Consultores-15032013-06.jpg 479w, https:\/\/taoroconsultores.com\/wp-content\/uploads\/Taoro-Consultores-15032013-06-400x284.jpg 480w\" sizes=\"(max-width:479px) 479px, 100vw\" class=\"wp-image-992\" \/>\n\t\t\t\t\t<span class=\"et_overlay\"><\/span>\n\t\t\t\t<\/a>\n\t\t\t\t<\/div><\/div><\/div><div class=\"et_pb_gallery_pagination\"><\/div><\/div>\n\t\t\t<\/div>\n\t\t\t\t\n\t\t\t\t\n\t\t\t\t\n\t\t\t\t\n\t\t\t<\/div><div class=\"et_d4_element et_pb_row et_pb_row_1  et_pb_css_mix_blend_mode et_block_row\">\n\t\t\t\t<div class=\"et_d4_element et_pb_column_1_2 et_pb_column et_pb_column_1  et_pb_css_mix_blend_mode et_block_column\">\n\t\t\t\t\n\t\t\t\t\n\t\t\t\t\n\t\t\t\t\n\t\t\t\t<div class=\"et_pb_module et_d4_element et_pb_text et_pb_text_0  et_pb_text_align_left et_pb_bg_layout_light\">\n\t\t\t\t\n\t\t\t\t\n\t\t\t\t\n\t\t\t\t\n\t\t\t\t<div class=\"et_pb_text_inner\"><p>Taoro Consultores es una asesor\u00eda integral dedicada a prestar servicios de asesoramiento a empresas y particulares, gesti\u00f3n administrativa y administraci\u00f3n de fincas.<\/p><\/div>\n\t\t\t<\/div>\n\t\t\t<\/div><div class=\"et_d4_element et_pb_column_1_2 et_pb_column et_pb_column_2  et_pb_css_mix_blend_mode et-last-child et_block_column\">\n\t\t\t\t\n\t\t\t\t\n\t\t\t\t\n\t\t\t\t\n\t\t\t\t<div class=\"et_pb_module et_d4_element et_pb_text et_pb_text_1  et_pb_text_align_left et_pb_bg_layout_light\">\n\t\t\t\t\n\t\t\t\t\n\t\t\t\t\n\t\t\t\t\n\t\t\t\t<div class=\"et_pb_text_inner\"><p>\u00a0El despacho se funda 1998 y actualmente cuenta con 15 empleados y dos oficinas en la isla, si bien presta sus servicios en todo el territorio nacional.<\/p><\/div>\n\t\t\t<\/div>\n\t\t\t<\/div>\n\t\t\t\t\n\t\t\t\t\n\t\t\t\t\n\t\t\t\t\n\t\t\t<\/div>\n\t\t\t\t\n\t\t\t\t\n\t\t\t<\/div>\n","protected":false},"excerpt":{"rendered":"","protected":false},"author":2,"featured_media":993,"parent":0,"menu_order":0,"comment_status":"closed","ping_status":"closed","template":"","meta":{"_et_pb_use_builder":"on","_et_pb_old_content":"<img class=\"alignnone size-full wp-image-313\" alt=\"TaoroConsultores-960-6\" src=\"https:\/\/taoroconsultores.com\/wp-content\/uploads\/2013\/05\/TaoroConsultores-960-6.jpg\" width=\"960\" height=\"300\" \/>\r\n\r\nTaoro Consultores es una asesor\u00eda integral dedicada a prestar servicios de asesoramiento a empresas y particulares, gesti\u00f3n administrativa y administraci\u00f3n de fincas.\r\n\r\nEl despacho se funda 1998 y actualmente cuenta con 15 empleados y dos oficinas en la isla, si bien presta sus servicios en todo el territorio nacional.","_et_gb_content_width":"","footnotes":""},"class_list":["post-6","page","type-page","status-publish","has-post-thumbnail","hentry"],"aioseo_notices":[],"_links":{"self":[{"href":"https:\/\/taoroconsultores.com\/index.php?rest_route=\/wp\/v2\/pages\/6","targetHints":{"allow":["GET"]}}],"collection":[{"href":"https:\/\/taoroconsultores.com\/index.php?rest_route=\/wp\/v2\/pages"}],"about":[{"href":"https:\/\/taoroconsultores.com\/index.php?rest_route=\/wp\/v2\/types\/page"}],"author":[{"embeddable":true,"href":"https:\/\/taoroconsultores.com\/index.php?rest_route=\/wp\/v2\/users\/2"}],"replies":[{"embeddable":true,"href":"https:\/\/taoroconsultores.com\/index.php?rest_route=%2Fwp%2Fv2%2Fcomments&post=6"}],"version-history":[{"count":5,"href":"https:\/\/taoroconsultores.com\/index.php?rest_route=\/wp\/v2\/pages\/6\/revisions"}],"predecessor-version":[{"id":1015,"href":"https:\/\/taoroconsultores.com\/index.php?rest_route=\/wp\/v2\/pages\/6\/revisions\/1015"}],"wp:featuredmedia":[{"embeddable":true,"href":"https:\/\/taoroconsultores.com\/index.php?rest_route=\/wp\/v2\/media\/993"}],"wp:attachment":[{"href":"https:\/\/taoroconsultores.com\/index.php?rest_route=%2Fwp%2Fv2%2Fmedia&parent=6"}],"curies":[{"name":"wp","href":"https:\/\/api.w.org\/{rel}","templated":true}]}}