{"id":98,"date":"2010-10-05T18:04:46","date_gmt":"2010-10-05T18:04:46","guid":{"rendered":"http:\/\/www.taoroconsultores.com\/"},"modified":"2021-04-15T12:44:28","modified_gmt":"2021-04-15T12:44:28","slug":"email-de-contacto","status":"publish","type":"page","link":"https:\/\/taoroconsultores.com\/?page_id=98","title":{"rendered":"Emails de contacto"},"content":{"rendered":"<div class=\"et_d4_element et_pb_section et_pb_section_0  et_pb_css_mix_blend_mode et_section_regular et_block_section\" >\n\t\t\t\t\n\t\t\t\t\n\t\t\t\t\n\t\t\t\t\n\t\t\t\t\n\t\t\t\t\n\t\t\t\t<div class=\"et_d4_element et_pb_row et_pb_row_0  et_pb_css_mix_blend_mode et_block_row\">\n\t\t\t\t<div class=\"et_d4_element et_pb_column_3_5 et_pb_column et_pb_column_0  et_pb_css_mix_blend_mode et_block_column\">\n\t\t\t\t\n\t\t\t\t\n\t\t\t\t\n\t\t\t\t\n\t\t\t\t<div class=\"et_pb_module et_d4_element et_pb_text et_pb_text_0  et_pb_text_align_left et_pb_bg_layout_light\">\n\t\t\t\t\n\t\t\t\t\n\t\t\t\t\n\t\t\t\t\n\t\t\t\t<div class=\"et_pb_text_inner\"><p>Para contactar con alguno de los departamentos de Taoro Consultores use los enlaces que mostramos a continuaci\u00f3n:<\/p>\n<ul>\n<li>General: <a href=\"#\">mail@taoroconsultores.com<\/a><\/li>\n<li>Contabilidad, fiscal y financiero: <a href=\"#\">contable@taoroconsultores.com<\/a><\/li>\n<li>Laboral: <a href=\"#\">laboral@taoroconsultores.com<\/a><\/li>\n<li>Administraci\u00f3n de Fincas: <a href=\"#\">fincas@taoroconsultores.com<\/a><\/li>\n<\/ul>\n<h2><\/h2>\n<p>\u00a0<\/p>\n<p><\/p><\/div>\n\t\t\t<\/div>\n\t\t\t<\/div><div class=\"et_d4_element et_pb_column_2_5 et_pb_column et_pb_column_1  et_pb_css_mix_blend_mode et-last-child et_block_column\">\n\t\t\t\t\n\t\t\t\t\n\t\t\t\t\n\t\t\t\t\n\t\t\t\t<div class=\"et_pb_module et_d4_element et_pb_text et_pb_text_1  et_pb_text_align_left et_pb_bg_layout_light\">\n\t\t\t\t\n\t\t\t\t\n\t\t\t\t\n\t\t\t\t\n\t\t\t\t<div class=\"et_pb_text_inner\"><h2 style=\"text-align: right;\">O si prefiere contactar directamente con cualquier miembro del equipo:<\/h2><\/div>\n\t\t\t<\/div>\n\t\t\t<\/div>\n\t\t\t\t\n\t\t\t\t\n\t\t\t\t\n\t\t\t\t\n\t\t\t<\/div><div class=\"et_d4_element et_pb_row et_pb_row_2  et_pb_css_mix_blend_mode et_block_row\">\n\t\t\t\t<div class=\"et_d4_element et_pb_column_1_4 et_pb_column et_pb_column_2  et_pb_css_mix_blend_mode et_block_column\">\n\t\t\t\t\n\t\t\t\t\n\t\t\t\t\n\t\t\t\t\n\t\t\t\t<div class=\"et_pb_with_border et_pb_module et_d4_element et_pb_team_member et_pb_team_member_0 et_clickable clearfix  et_pb_text_align_right et_pb_bg_layout_light\">\n\t\t\t\t\n\t\t\t\t\n\t\t\t\t\n\t\t\t\t\n\t\t\t\t<div class=\"et_pb_team_member_image et-waypoint et_pb_animation_off  et_pb_css_mix_blend_mode\"><img decoding=\"async\" src=\"https:\/\/taoroconsultores.com\/wp-content\/uploads\/Juan-Francisco-Gonz\u00e1lez-de-Ch\u00e1vez-L\u00f3pez.jpg\" alt=\"Juan Francisco Gonz\u00e1lez de Ch\u00e1vez L\u00f3pez\" \/><\/div>\n\t\t\t\t<div class=\"et_pb_team_member_description\">\n\t\t\t\t\t<h3 class=\"et_pb_module_header\">Juan Francisco Gonz\u00e1lez de Ch\u00e1vez L\u00f3pez<\/h3>\n\t\t\t\t\t<p class=\"et_pb_member_position\">ASESOR FISCAL<\/p>\n\t\t\t\t\t<div><p><a href=\"mailto:Juan.gonzalez@taoroconsultores.com\">juan.gonzalez<br \/>@taoroconsultores.com<\/a><\/p><\/div>\n\t\t\t\t\t\n\t\t\t\t<\/div>\n\t\t\t<\/div><div class=\"et_pb_with_border et_pb_module et_d4_element et_pb_team_member et_pb_team_member_1 et_clickable clearfix  et_pb_text_align_right et_pb_bg_layout_light\">\n\t\t\t\t\n\t\t\t\t\n\t\t\t\t\n\t\t\t\t\n\t\t\t\t<div class=\"et_pb_team_member_image et-waypoint et_pb_animation_off  et_pb_css_mix_blend_mode\"><img decoding=\"async\" src=\"https:\/\/taoroconsultores.com\/wp-content\/uploads\/2010\/10\/Alejandro-Gonz\u00e1lez-Luis.jpg\" alt=\"Alejandro Gonz\u00e1lez Luis\" \/><\/div>\n\t\t\t\t<div class=\"et_pb_team_member_description\">\n\t\t\t\t\t<h3 class=\"et_pb_module_header\">Alejandro Gonz\u00e1lez Luis<\/h3>\n\t\t\t\t\t<p class=\"et_pb_member_position\">JEFE DE CONTABILIDAD<\/p>\n\t\t\t\t\t<div><p><a href=\"mailto:Alejandro.gonzalez@taoroconsultores.com\">alejandro.gonzalez<br \/>@taoroconsultores.com<\/a><\/p><\/div>\n\t\t\t\t\t\n\t\t\t\t<\/div>\n\t\t\t<\/div><div class=\"et_pb_with_border et_pb_module et_d4_element et_pb_team_member et_pb_team_member_2 et_clickable clearfix  et_pb_text_align_right et_pb_bg_layout_light\">\n\t\t\t\t\n\t\t\t\t\n\t\t\t\t\n\t\t\t\t\n\t\t\t\t<div class=\"et_pb_team_member_image et-waypoint et_pb_animation_off  et_pb_css_mix_blend_mode\"><img decoding=\"async\" src=\"https:\/\/taoroconsultores.com\/wp-content\/uploads\/Miriam-Fari\u00f1a-Correa-2015.jpg\" alt=\"Miriam Fari\u00f1a Correa\" \/><\/div>\n\t\t\t\t<div class=\"et_pb_team_member_description\">\n\t\t\t\t\t<h3 class=\"et_pb_module_header\">Miriam Fari\u00f1a Correa<\/h3>\n\t\t\t\t\t<p class=\"et_pb_member_position\">T\u00c9CNICO CONTABLE<\/p>\n\t\t\t\t\t<div><p><a href=\"mailto:Miriam.correa@taoroconsultores.com\">miriam.correa<br \/>@taoroconsultores.com<\/a><\/p><\/div>\n\t\t\t\t\t\n\t\t\t\t<\/div>\n\t\t\t<\/div>\n\t\t\t<\/div><div class=\"et_d4_element et_pb_column_1_4 et_pb_column et_pb_column_3  et_pb_css_mix_blend_mode et_block_column\">\n\t\t\t\t\n\t\t\t\t\n\t\t\t\t\n\t\t\t\t\n\t\t\t\t<div class=\"et_pb_with_border et_pb_module et_d4_element et_pb_team_member et_pb_team_member_3 et_clickable clearfix  et_pb_text_align_right et_pb_bg_layout_light\">\n\t\t\t\t\n\t\t\t\t\n\t\t\t\t\n\t\t\t\t\n\t\t\t\t<div class=\"et_pb_team_member_image et-waypoint et_pb_animation_off  et_pb_css_mix_blend_mode\"><img decoding=\"async\" src=\"https:\/\/taoroconsultores.com\/wp-content\/uploads\/Lourdes-Orta-Rodr\u00edguez.jpg\" alt=\"Lourdes Orta Rodr\u00edguez\" \/><\/div>\n\t\t\t\t<div class=\"et_pb_team_member_description\">\n\t\t\t\t\t<h3 class=\"et_pb_module_header\">Lourdes Orta Rodr\u00edguez<\/h3>\n\t\t\t\t\t<p class=\"et_pb_member_position\">T\u00c9CNICO LABORAL<\/p>\n\t\t\t\t\t<div><p><a href=\"mailto:Lourdes.orta@taoroconsultores.com\">lourdes.orta<br \/>@taoroconsultores.com<\/a><\/p><\/div>\n\t\t\t\t\t\n\t\t\t\t<\/div>\n\t\t\t<\/div><div class=\"et_pb_with_border et_pb_module et_d4_element et_pb_team_member et_pb_team_member_4 et_clickable clearfix  et_pb_text_align_right et_pb_bg_layout_light\">\n\t\t\t\t\n\t\t\t\t\n\t\t\t\t\n\t\t\t\t\n\t\t\t\t<div class=\"et_pb_team_member_image et-waypoint et_pb_animation_off  et_pb_css_mix_blend_mode\"><img decoding=\"async\" src=\"https:\/\/taoroconsultores.com\/wp-content\/uploads\/2010\/10\/Yesica-Isabel-Delgado-Gonz\u00e1lez.jpg\" alt=\"Yesica  Delgado Gonz\u00e1lez\" \/><\/div>\n\t\t\t\t<div class=\"et_pb_team_member_description\">\n\t\t\t\t\t<h3 class=\"et_pb_module_header\">Yesica  Delgado Gonz\u00e1lez<\/h3>\n\t\t\t\t\t<p class=\"et_pb_member_position\">T\u00c9CNICO CONTABLE<\/p>\n\t\t\t\t\t<div><p><a href=\"mailto:Yesica.delgado@taoroconsultores.com\">yesica.delgado<br \/>@taoroconsultores.com<\/a><\/p><\/div>\n\t\t\t\t\t\n\t\t\t\t<\/div>\n\t\t\t<\/div>\n\t\t\t<\/div><div class=\"et_d4_element et_pb_column_1_4 et_pb_column et_pb_column_4  et_pb_css_mix_blend_mode et_block_column\">\n\t\t\t\t\n\t\t\t\t\n\t\t\t\t\n\t\t\t\t\n\t\t\t\t<div class=\"et_pb_with_border et_pb_module et_d4_element et_pb_team_member et_pb_team_member_5 et_clickable clearfix  et_pb_text_align_right et_pb_bg_layout_light\">\n\t\t\t\t\n\t\t\t\t\n\t\t\t\t\n\t\t\t\t\n\t\t\t\t<div class=\"et_pb_team_member_image et-waypoint et_pb_animation_off  et_pb_css_mix_blend_mode\"><img loading=\"lazy\" decoding=\"async\" width=\"933\" height=\"1400\" src=\"https:\/\/taoroconsultores.com\/wp-content\/uploads\/Ana-Maria-Moreno-Valero.jpg\" alt=\"Ana Mar\u00eda Moreno Valero\" srcset=\"https:\/\/taoroconsultores.com\/wp-content\/uploads\/Ana-Maria-Moreno-Valero.jpg 933w, https:\/\/taoroconsultores.com\/wp-content\/uploads\/Ana-Maria-Moreno-Valero-213x320.jpg 213w, https:\/\/taoroconsultores.com\/wp-content\/uploads\/Ana-Maria-Moreno-Valero-427x640.jpg 427w, https:\/\/taoroconsultores.com\/wp-content\/uploads\/Ana-Maria-Moreno-Valero-768x1152.jpg 768w, https:\/\/taoroconsultores.com\/wp-content\/uploads\/Ana-Maria-Moreno-Valero-624x936.jpg 624w\" sizes=\"(max-width: 933px) 100vw, 933px\" class=\"wp-image-679\" \/><\/div>\n\t\t\t\t<div class=\"et_pb_team_member_description\">\n\t\t\t\t\t<h3 class=\"et_pb_module_header\">Ana Mar\u00eda Moreno Valero<\/h3>\n\t\t\t\t\t<p class=\"et_pb_member_position\">GRADUADO SOCIAL<\/p>\n\t\t\t\t\t<div><p><a href=\"mailto:ana.moreno@taoroconsultores.com\">ana.moreno<br \/>@taoroconsultores.com<\/a><\/p><\/div>\n\t\t\t\t\t\n\t\t\t\t<\/div>\n\t\t\t<\/div><div class=\"et_pb_with_border et_pb_module et_d4_element et_pb_team_member et_pb_team_member_6 et_clickable clearfix  et_pb_text_align_right et_pb_bg_layout_light\">\n\t\t\t\t\n\t\t\t\t\n\t\t\t\t\n\t\t\t\t\n\t\t\t\t<div class=\"et_pb_team_member_image et-waypoint et_pb_animation_off  et_pb_css_mix_blend_mode\"><img decoding=\"async\" src=\"https:\/\/taoroconsultores.com\/wp-content\/uploads\/2010\/10\/Mar\u00eda-Desire-Hern\u00e1ndez-Mart\u00edn.jpg\" alt=\"Mar\u00eda Desiree Hern\u00e1ndez Mart\u00edn\" \/><\/div>\n\t\t\t\t<div class=\"et_pb_team_member_description\">\n\t\t\t\t\t<h3 class=\"et_pb_module_header\">Mar\u00eda Desiree Hern\u00e1ndez Mart\u00edn<\/h3>\n\t\t\t\t\t<p class=\"et_pb_member_position\">T\u00c9CNICO CONTABLE<\/p>\n\t\t\t\t\t<div><p><a href=\"mailto:Desiree.hernandez@taoroconsultores.com\">desiree.hernandez<br \/>@taoroconsultores.com<\/a><\/p><\/div>\n\t\t\t\t\t\n\t\t\t\t<\/div>\n\t\t\t<\/div>\n\t\t\t<\/div><div class=\"et_d4_element et_pb_column_1_4 et_pb_column et_pb_column_5  et_pb_css_mix_blend_mode et-last-child et_block_column\">\n\t\t\t\t\n\t\t\t\t\n\t\t\t\t\n\t\t\t\t\n\t\t\t\t<div class=\"et_pb_with_border et_pb_module et_d4_element et_pb_team_member et_pb_team_member_7 et_clickable clearfix  et_pb_text_align_right et_pb_bg_layout_light\">\n\t\t\t\t\n\t\t\t\t\n\t\t\t\t\n\t\t\t\t\n\t\t\t\t<div class=\"et_pb_team_member_image et-waypoint et_pb_animation_off  et_pb_css_mix_blend_mode\"><img decoding=\"async\" src=\"https:\/\/taoroconsultores.com\/wp-content\/uploads\/Cristobal-Gonz\u00e1lez-de-Ch\u00e1vez-L\u00f3pez.jpg\" alt=\"Crist\u00f3bal Gonz\u00e1lez de Ch\u00e1vez L\u00f3pez\" \/><\/div>\n\t\t\t\t<div class=\"et_pb_team_member_description\">\n\t\t\t\t\t<h3 class=\"et_pb_module_header\">Crist\u00f3bal Gonz\u00e1lez de Ch\u00e1vez L\u00f3pez<\/h3>\n\t\t\t\t\t<p class=\"et_pb_member_position\">T\u00c9CNICO EN ADMINISTRACI\u00d3N DE FINCAS<\/p>\n\t\t\t\t\t<div><p><a href=\"mailto:Cristobal.gonzalez@taoroconsultores.com\">cristobal.gonzalez<br \/>@taoroconsultores.com<\/a><\/p><\/div>\n\t\t\t\t\t\n\t\t\t\t<\/div>\n\t\t\t<\/div><div class=\"et_pb_with_border et_pb_module et_d4_element et_pb_team_member et_pb_team_member_8 et_clickable clearfix  et_pb_text_align_right et_pb_bg_layout_light\">\n\t\t\t\t\n\t\t\t\t\n\t\t\t\t\n\t\t\t\t\n\t\t\t\t<div class=\"et_pb_team_member_image et-waypoint et_pb_animation_off  et_pb_css_mix_blend_mode\"><img loading=\"lazy\" decoding=\"async\" width=\"425\" height=\"640\" src=\"https:\/\/taoroconsultores.com\/wp-content\/uploads\/Eloy-DSC_0152-640px.jpg\" alt=\"Jes\u00fas Eloy Hern\u00e1ndez P\u00e9rez\" srcset=\"https:\/\/taoroconsultores.com\/wp-content\/uploads\/Eloy-DSC_0152-640px.jpg 425w, https:\/\/taoroconsultores.com\/wp-content\/uploads\/Eloy-DSC_0152-640px-213x320.jpg 213w\" sizes=\"(max-width: 425px) 100vw, 425px\" class=\"wp-image-547\" \/><\/div>\n\t\t\t\t<div class=\"et_pb_team_member_description\">\n\t\t\t\t\t<h3 class=\"et_pb_module_header\">Jes\u00fas Eloy Hern\u00e1ndez P\u00e9rez<\/h3>\n\t\t\t\t\t<p class=\"et_pb_member_position\">ECONOMISTA, GESTOR ADMINISTRATIVO<\/p>\n\t\t\t\t\t<div><p><a href=\"mailto:Eloy.hernandez@taoroconsultores.com\">eloy.hernandez<br \/>@taoroconsultores.com<\/a><\/p><\/div>\n\t\t\t\t\t\n\t\t\t\t<\/div>\n\t\t\t<\/div>\n\t\t\t<\/div>\n\t\t\t\t\n\t\t\t\t\n\t\t\t\t\n\t\t\t\t\n\t\t\t<\/div>\n\t\t\t\t\n\t\t\t\t\n\t\t\t<\/div>","protected":false},"excerpt":{"rendered":"","protected":false},"author":2,"featured_media":908,"parent":40,"menu_order":2,"comment_status":"closed","ping_status":"closed","template":"","meta":{"_et_pb_use_builder":"on","_et_pb_old_content":"<p>Para contactar con alguno de los departamentos de Taoro Consultores use los enlaces que mostramos a continuaci\u00f3n:<\/p>\n<ul>\n<li>General: <a href=\"#\">mail@taoroconsultores.com<\/a><\/li>\n<li>Contabilidad, fiscal y financiero: <a href=\"#\">contable@taoroconsultores.com<\/a><\/li>\n<li>Laboral: <a href=\"#\">laboral@taoroconsultores.com<\/a><\/li>\n<li>Administraci\u00f3n de Fincas: <a href=\"#\">fincas@taoroconsultores.com<\/a><\/li>\n<\/ul>\n<h2>O si prefiere contactar directamente con cualquier miembro del equipo:<\/h2>\n<div class=\"equipo\">\n<h3>\u00a0<img class=\"alignleft wp-image-681\" src=\"https:\/\/taoroconsultores.com\/wp-content\/uploads\/Juan-Francisco-Gonz\u00e1lez-de-Ch\u00e1vez-L\u00f3pez-213x320.jpg\" alt=\"Juan Francisco\u00a0Gonz\u00e1lez de Ch\u00e1vez\u00a0L\u00f3pez\" width=\"100\" height=\"150\" \/>Juan Francisco\u00a0Gonz\u00e1lez de Ch\u00e1vez\u00a0L\u00f3pez<br \/>ASESOR FISCAL<br \/><a href=\"mailto:Juan.gonzalez@taoroconsultores.com\">juan.gonzalez@taoroconsultores.com<\/a><\/h3>\n<div class=\"equipo\">\n<h3><img class=\"alignleft wp-image-682\" src=\"https:\/\/taoroconsultores.com\/wp-content\/uploads\/Lourdes-Orta-Rodr\u00edguez-213x320.jpg\" alt=\"Lourdes Orta Rodr\u00edguez\" width=\"100\" height=\"150\" \/>Lourdes Orta Rodr\u00edguez<br \/>T\u00c9CNICO LABORAL<br \/><a href=\"mailto:Lourdes.orta@taoroconsultores.com\">lourdes.orta@taoroconsultores.com<\/a><\/h3>\n<h3><img class=\"alignleft wp-image-679\" src=\"https:\/\/taoroconsultores.com\/wp-content\/uploads\/Ana-Maria-Moreno-Valero-213x320.jpg\" alt=\"Ana Maria Moreno Valero\" width=\"100\" height=\"150\" \/>Ana Maria Moreno Valero<br \/>GRADUADO SOCIAL<br \/><a href=\"mailto:ana.moreno@taoroconsultores.com\">ana.moreno@taoroconsultores.com<\/a><\/h3>\n<h3><img class=\"alignleft wp-image-680\" src=\"https:\/\/taoroconsultores.com\/wp-content\/uploads\/Cristobal-Gonz\u00e1lez-de-Ch\u00e1vez-L\u00f3pez-207x320.jpg\" alt=\"Cristobal Gonz\u00e1lez\u00a0de Ch\u00e1vez\u00a0L\u00f3pez\" width=\"97\" height=\"150\" \/>Cristobal Gonz\u00e1lez\u00a0de Ch\u00e1vez\u00a0L\u00f3pez<br \/>T\u00c9CNICO EN ADMINISTRACI\u00d3N DE FINCAS<br \/><a href=\"mailto:Cristobal.gonzalez@taoroconsultores.com\">cristobal.gonzalez@taoroconsultores.com<\/a><\/h3>\n<h3><img class=\"alignleft\" src=\"https:\/\/taoroconsultores.com\/wp-content\/uploads\/2010\/10\/Alejandro-Gonz\u00e1lez-Luis.jpg\" alt=\"Alejandro Gonz\u00e1lez Luis\" width=\"100\" height=\"151\" \/>Alejandro\u00a0Gonz\u00e1lez Luis<br \/>JEFE DE CONTABILIDAD<br \/><a href=\"mailto:Alejandro.gonzalez@taoroconsultores.com\">alejandro.gonzalez@taoroconsultores.com<\/a><\/h3>\n<h3><img class=\"alignleft\" src=\"https:\/\/taoroconsultores.com\/wp-content\/uploads\/2010\/10\/Yesica-Isabel-Delgado-Gonz\u00e1lez.jpg\" alt=\"Yesica Isabel Delgado Gonz\u00e1lez\" width=\"100\" height=\"151\" \/>Yesica\u00a0 Delgado\u00a0Gonz\u00e1lez<br \/>T\u00c9CNICO CONTABLE<br \/><a href=\"mailto:Yesica.delgado@taoroconsultores.com\">yesica.delgado@taoroconsultores.com<\/a><\/h3>\n<h3><img class=\"alignleft\" src=\"https:\/\/taoroconsultores.com\/wp-content\/uploads\/2010\/10\/Mar\u00eda-Desire-Hern\u00e1ndez-Mart\u00edn.jpg\" alt=\"Mar\u00eda Desire Hern\u00e1ndez Mart\u00edn\" width=\"100\" height=\"151\" \/>Mar\u00eda Desiree Hern\u00e1ndez Mart\u00edn<br \/>T\u00c9CNICO CONTABLE<br \/><a href=\"mailto:Desiree.hernandez@taoroconsultores.com\">desiree.hernandez@taoroconsultores.com<\/a><\/h3>\n<h3><span class=\"equipo\"><img class=\"size-medium wp-image-553 alignleft\" src=\"https:\/\/taoroconsultores.com\/wp-content\/uploads\/Miriam-Fari\u00f1a-Correa-2015-214x320.jpg\" alt=\"Miriam Fari\u00f1a Correa 2015\" width=\"100\" height=\"150\" \/><\/span>Miriam Fari\u00f1a Correa<br \/>T\u00c9CNICO CONTABLE<br \/><a href=\"mailto:Miriam.correa@taoroconsultores.com\">miriam.correa@taoroconsultores.com<\/a><\/h3>\n<h3><img class=\" wp-image-547 alignleft\" src=\"https:\/\/taoroconsultores.com\/wp-content\/uploads\/Eloy-DSC_0152-640px-213x320.jpg\" alt=\"Eloy-DSC_0152-640px\" width=\"100\" height=\"150\" \/>Jes\u00fas Eloy Hern\u00e1ndez P\u00e9rez<br \/>ECONOMISTA, GESTOR ADMINISTRATIVO<br \/><a href=\"mailto:Eloy.hernandez@taoroconsultores.com\">eloy.hernandez@taoroconsultores.com<\/a><\/h3>\n<\/div>\n<\/div>\n\n<!-- wp:paragraph -->\n<p><\/p>\n<!-- \/wp:paragraph -->","_et_gb_content_width":"","footnotes":""},"class_list":["post-98","page","type-page","status-publish","has-post-thumbnail","hentry"],"aioseo_notices":[],"_links":{"self":[{"href":"https:\/\/taoroconsultores.com\/index.php?rest_route=\/wp\/v2\/pages\/98","targetHints":{"allow":["GET"]}}],"collection":[{"href":"https:\/\/taoroconsultores.com\/index.php?rest_route=\/wp\/v2\/pages"}],"about":[{"href":"https:\/\/taoroconsultores.com\/index.php?rest_route=\/wp\/v2\/types\/page"}],"author":[{"embeddable":true,"href":"https:\/\/taoroconsultores.com\/index.php?rest_route=\/wp\/v2\/users\/2"}],"replies":[{"embeddable":true,"href":"https:\/\/taoroconsultores.com\/index.php?rest_route=%2Fwp%2Fv2%2Fcomments&post=98"}],"version-history":[{"count":5,"href":"https:\/\/taoroconsultores.com\/index.php?rest_route=\/wp\/v2\/pages\/98\/revisions"}],"predecessor-version":[{"id":909,"href":"https:\/\/taoroconsultores.com\/index.php?rest_route=\/wp\/v2\/pages\/98\/revisions\/909"}],"up":[{"embeddable":true,"href":"https:\/\/taoroconsultores.com\/index.php?rest_route=\/wp\/v2\/pages\/40"}],"wp:featuredmedia":[{"embeddable":true,"href":"https:\/\/taoroconsultores.com\/index.php?rest_route=\/wp\/v2\/media\/908"}],"wp:attachment":[{"href":"https:\/\/taoroconsultores.com\/index.php?rest_route=%2Fwp%2Fv2%2Fmedia&parent=98"}],"curies":[{"name":"wp","href":"https:\/\/api.w.org\/{rel}","templated":true}]}}